{"id":3598,"date":"2024-02-08T23:37:53","date_gmt":"2024-02-08T23:37:53","guid":{"rendered":"https:\/\/colchonescolchoninos.com\/?post_type=product&#038;p=3598"},"modified":"2024-02-08T23:37:53","modified_gmt":"2024-02-08T23:37:53","slug":"sala-con-baul-emily","status":"publish","type":"product","link":"https:\/\/colchonescolchoninos.com\/?product=sala-con-baul-emily","title":{"rendered":"Sala con Baul Emily"},"content":{"rendered":"","protected":false},"excerpt":{"rendered":"<p>Si lo que necesitas es espacio para guardar tus cosas, la Sala Emily es la soluci\u00f3n, ya que cuenta con un baul que puede usarse para guardar cosas al tener un compartimento en parte de la sala, adem\u00e1s sus materiales de alta resistencia hacen que sea c\u00f3moda y a la vez durable, la tela en terminado Velvet le da un toque de modernidad y es excelente para pasar un rato frente al televisor. Tambi\u00e9n se puede elegir la orientaci\u00f3n de la sala.<\/p>\n","protected":false},"featured_media":3559,"comment_status":"open","ping_status":"closed","template":"","meta":{"_eb_attr":"","om_disable_all_campaigns":false,"_monsterinsights_skip_tracking":false,"_monsterinsights_sitenote_active":false,"_monsterinsights_sitenote_note":"","_monsterinsights_sitenote_category":0},"product_cat":[104],"product_tag":[],"_links":{"self":[{"href":"https:\/\/colchonescolchoninos.com\/index.php?rest_route=\/wp\/v2\/product\/3598"}],"collection":[{"href":"https:\/\/colchonescolchoninos.com\/index.php?rest_route=\/wp\/v2\/product"}],"about":[{"href":"https:\/\/colchonescolchoninos.com\/index.php?rest_route=\/wp\/v2\/types\/product"}],"replies":[{"embeddable":true,"href":"https:\/\/colchonescolchoninos.com\/index.php?rest_route=%2Fwp%2Fv2%2Fcomments&post=3598"}],"wp:featuredmedia":[{"embeddable":true,"href":"https:\/\/colchonescolchoninos.com\/index.php?rest_route=\/wp\/v2\/media\/3559"}],"wp:attachment":[{"href":"https:\/\/colchonescolchoninos.com\/index.php?rest_route=%2Fwp%2Fv2%2Fmedia&parent=3598"}],"wp:term":[{"taxonomy":"product_cat","embeddable":true,"href":"https:\/\/colchonescolchoninos.com\/index.php?rest_route=%2Fwp%2Fv2%2Fproduct_cat&post=3598"},{"taxonomy":"product_tag","embeddable":true,"href":"https:\/\/colchonescolchoninos.com\/index.php?rest_route=%2Fwp%2Fv2%2Fproduct_tag&post=3598"}],"curies":[{"name":"wp","href":"https:\/\/api.w.org\/{rel}","templated":true}]}}