{"id":3548,"date":"2024-01-26T19:42:41","date_gmt":"2024-01-26T19:42:41","guid":{"rendered":"https:\/\/colchonescolchoninos.com\/?post_type=product&#038;p=3548"},"modified":"2024-01-26T19:42:41","modified_gmt":"2024-01-26T19:42:41","slug":"cama-canguro-gris-completa-colchon-restonic","status":"publish","type":"product","link":"https:\/\/colchonescolchoninos.com\/?product=cama-canguro-gris-completa-colchon-restonic","title":{"rendered":"Cama Canguro Gris completa + Colchon Restonic"},"content":{"rendered":"","protected":false},"excerpt":{"rendered":"<p>Cama canguro ideal para espacios peque\u00f1os, incluye el colch\u00f3n inferior con llantas para desplazarse a donde mas lo necesites y el colch\u00f3n superior marca Restonic con colchoneta super resistente. Entrega de 10 a 15 d\u00edas.<\/p>\n","protected":false},"featured_media":3549,"comment_status":"open","ping_status":"closed","template":"","meta":{"_eb_attr":"","om_disable_all_campaigns":false,"_monsterinsights_skip_tracking":false,"_monsterinsights_sitenote_active":false,"_monsterinsights_sitenote_note":"","_monsterinsights_sitenote_category":0},"product_cat":[99,98],"product_tag":[],"_links":{"self":[{"href":"https:\/\/colchonescolchoninos.com\/index.php?rest_route=\/wp\/v2\/product\/3548"}],"collection":[{"href":"https:\/\/colchonescolchoninos.com\/index.php?rest_route=\/wp\/v2\/product"}],"about":[{"href":"https:\/\/colchonescolchoninos.com\/index.php?rest_route=\/wp\/v2\/types\/product"}],"replies":[{"embeddable":true,"href":"https:\/\/colchonescolchoninos.com\/index.php?rest_route=%2Fwp%2Fv2%2Fcomments&post=3548"}],"wp:featuredmedia":[{"embeddable":true,"href":"https:\/\/colchonescolchoninos.com\/index.php?rest_route=\/wp\/v2\/media\/3549"}],"wp:attachment":[{"href":"https:\/\/colchonescolchoninos.com\/index.php?rest_route=%2Fwp%2Fv2%2Fmedia&parent=3548"}],"wp:term":[{"taxonomy":"product_cat","embeddable":true,"href":"https:\/\/colchonescolchoninos.com\/index.php?rest_route=%2Fwp%2Fv2%2Fproduct_cat&post=3548"},{"taxonomy":"product_tag","embeddable":true,"href":"https:\/\/colchonescolchoninos.com\/index.php?rest_route=%2Fwp%2Fv2%2Fproduct_tag&post=3548"}],"curies":[{"name":"wp","href":"https:\/\/api.w.org\/{rel}","templated":true}]}}