{"id":3512,"date":"2023-08-17T20:30:48","date_gmt":"2023-08-17T20:30:48","guid":{"rendered":"https:\/\/colchonescolchoninos.com\/?post_type=product&#038;p=3512"},"modified":"2023-08-17T20:30:48","modified_gmt":"2023-08-17T20:30:48","slug":"sofa-cama-canguro","status":"publish","type":"product","link":"https:\/\/colchonescolchoninos.com\/?product=sofa-cama-canguro","title":{"rendered":"Sof\u00e1 cama Canguro"},"content":{"rendered":"","protected":false},"excerpt":{"rendered":"<p>Sof\u00e1 cama canguro ideal para espacios peque\u00f1os, el mueble ideal para tu departamento y para las visitas, combinando el dise\u00f1o moderno y pr\u00e1ctico. cuenta con un colch\u00f3n que sale de la parte de abajo.<\/p>\n<p>El sof\u00e1 es reclinable y tiene las siguientes medidas: 95 cm alto, 200 cm largo y 100 cm ancho<\/p>\n<p>Al hacerse sof\u00e1 cama tiene las siguientes medidas: 120 cm ancho y 170 cm largo<\/p>\n<p>La cama baja tiene las siguientes medidas: 90 cm ancho y 170 cm largo<\/p>\n","protected":false},"featured_media":3509,"comment_status":"open","ping_status":"closed","template":"","meta":{"_eb_attr":"","om_disable_all_campaigns":false,"_monsterinsights_skip_tracking":false,"_monsterinsights_sitenote_active":false,"_monsterinsights_sitenote_note":"","_monsterinsights_sitenote_category":0},"product_cat":[84],"product_tag":[],"_links":{"self":[{"href":"https:\/\/colchonescolchoninos.com\/index.php?rest_route=\/wp\/v2\/product\/3512"}],"collection":[{"href":"https:\/\/colchonescolchoninos.com\/index.php?rest_route=\/wp\/v2\/product"}],"about":[{"href":"https:\/\/colchonescolchoninos.com\/index.php?rest_route=\/wp\/v2\/types\/product"}],"replies":[{"embeddable":true,"href":"https:\/\/colchonescolchoninos.com\/index.php?rest_route=%2Fwp%2Fv2%2Fcomments&post=3512"}],"wp:featuredmedia":[{"embeddable":true,"href":"https:\/\/colchonescolchoninos.com\/index.php?rest_route=\/wp\/v2\/media\/3509"}],"wp:attachment":[{"href":"https:\/\/colchonescolchoninos.com\/index.php?rest_route=%2Fwp%2Fv2%2Fmedia&parent=3512"}],"wp:term":[{"taxonomy":"product_cat","embeddable":true,"href":"https:\/\/colchonescolchoninos.com\/index.php?rest_route=%2Fwp%2Fv2%2Fproduct_cat&post=3512"},{"taxonomy":"product_tag","embeddable":true,"href":"https:\/\/colchonescolchoninos.com\/index.php?rest_route=%2Fwp%2Fv2%2Fproduct_tag&post=3512"}],"curies":[{"name":"wp","href":"https:\/\/api.w.org\/{rel}","templated":true}]}}