{"id":3449,"date":"2023-07-26T22:06:29","date_gmt":"2023-07-26T22:06:29","guid":{"rendered":"https:\/\/colchonescolchoninos.com\/?post_type=product&#038;p=3449"},"modified":"2023-10-06T18:40:11","modified_gmt":"2023-10-06T18:40:11","slug":"base-para-colchon-volada-color-con-cajon-matrimonial","status":"publish","type":"product","link":"https:\/\/colchonescolchoninos.com\/?product=base-para-colchon-volada-color-con-cajon-matrimonial","title":{"rendered":"Base Para Colchon Volada Color Con Cajon"},"content":{"rendered":"","protected":false},"excerpt":{"rendered":"<p>Base de madera de pino reforzada de alta durabilidad y soporte plano para colch\u00f3n, forrada en tela de distintos colores, el soporte lo da el pedestal de la parte de abajo. La entrega va de 10 a 15 d\u00edas. Cuenta con caj\u00f3n amplio.<\/p>\n","protected":false},"featured_media":3475,"comment_status":"open","ping_status":"closed","template":"","meta":{"_eb_attr":"","om_disable_all_campaigns":false,"_monsterinsights_skip_tracking":false,"_monsterinsights_sitenote_active":false,"_monsterinsights_sitenote_note":"","_monsterinsights_sitenote_category":0},"product_cat":[56],"product_tag":[],"_links":{"self":[{"href":"https:\/\/colchonescolchoninos.com\/index.php?rest_route=\/wp\/v2\/product\/3449"}],"collection":[{"href":"https:\/\/colchonescolchoninos.com\/index.php?rest_route=\/wp\/v2\/product"}],"about":[{"href":"https:\/\/colchonescolchoninos.com\/index.php?rest_route=\/wp\/v2\/types\/product"}],"replies":[{"embeddable":true,"href":"https:\/\/colchonescolchoninos.com\/index.php?rest_route=%2Fwp%2Fv2%2Fcomments&post=3449"}],"wp:featuredmedia":[{"embeddable":true,"href":"https:\/\/colchonescolchoninos.com\/index.php?rest_route=\/wp\/v2\/media\/3475"}],"wp:attachment":[{"href":"https:\/\/colchonescolchoninos.com\/index.php?rest_route=%2Fwp%2Fv2%2Fmedia&parent=3449"}],"wp:term":[{"taxonomy":"product_cat","embeddable":true,"href":"https:\/\/colchonescolchoninos.com\/index.php?rest_route=%2Fwp%2Fv2%2Fproduct_cat&post=3449"},{"taxonomy":"product_tag","embeddable":true,"href":"https:\/\/colchonescolchoninos.com\/index.php?rest_route=%2Fwp%2Fv2%2Fproduct_tag&post=3449"}],"curies":[{"name":"wp","href":"https:\/\/api.w.org\/{rel}","templated":true}]}}