{"id":3310,"date":"2023-07-02T01:04:00","date_gmt":"2023-07-02T01:04:00","guid":{"rendered":"https:\/\/colchonescolchoninos.com\/?post_type=product&#038;p=3310"},"modified":"2023-07-13T07:37:56","modified_gmt":"2023-07-13T07:37:56","slug":"recamara-capri","status":"publish","type":"product","link":"https:\/\/colchonescolchoninos.com\/?product=recamara-capri","title":{"rendered":"Rec\u00e1mara Capri"},"content":{"rendered":"","protected":false},"excerpt":{"rendered":"<p>Rec\u00e1mara modelo Capri en tela tipo velvet o lineth (seg\u00fan el color). Incluye base y cabecera. La entrega va de 10 a 15 d\u00edas. La base incluye pata de 15cm para dar un alto total de 30cm.<\/p>\n<p>Las medidas para individual son 160 x 100 x 10 en la cabecera y 190 x 100 x 30 en la base.<\/p>\n<p>Las medidas para matrimonial son 160 x 140 x 10 en la cabecera y 190 x 140 x 30 en la base.<\/p>\n<p>Las medidas para Queen Size son 160 x 150 x 10 en la cabecera y 190 x 150 x 30 en la base.<\/p>\n<p>Las medidas para King Size son 160 x 200 x 10 en la cabecera y 190 x 200 x 30 en la base.<\/p>\n","protected":false},"featured_media":3312,"comment_status":"open","ping_status":"closed","template":"","meta":{"_eb_attr":"","om_disable_all_campaigns":false,"_monsterinsights_skip_tracking":false,"_monsterinsights_sitenote_active":false,"_monsterinsights_sitenote_note":"","_monsterinsights_sitenote_category":0},"product_cat":[93],"product_tag":[96],"_links":{"self":[{"href":"https:\/\/colchonescolchoninos.com\/index.php?rest_route=\/wp\/v2\/product\/3310"}],"collection":[{"href":"https:\/\/colchonescolchoninos.com\/index.php?rest_route=\/wp\/v2\/product"}],"about":[{"href":"https:\/\/colchonescolchoninos.com\/index.php?rest_route=\/wp\/v2\/types\/product"}],"replies":[{"embeddable":true,"href":"https:\/\/colchonescolchoninos.com\/index.php?rest_route=%2Fwp%2Fv2%2Fcomments&post=3310"}],"wp:featuredmedia":[{"embeddable":true,"href":"https:\/\/colchonescolchoninos.com\/index.php?rest_route=\/wp\/v2\/media\/3312"}],"wp:attachment":[{"href":"https:\/\/colchonescolchoninos.com\/index.php?rest_route=%2Fwp%2Fv2%2Fmedia&parent=3310"}],"wp:term":[{"taxonomy":"product_cat","embeddable":true,"href":"https:\/\/colchonescolchoninos.com\/index.php?rest_route=%2Fwp%2Fv2%2Fproduct_cat&post=3310"},{"taxonomy":"product_tag","embeddable":true,"href":"https:\/\/colchonescolchoninos.com\/index.php?rest_route=%2Fwp%2Fv2%2Fproduct_tag&post=3310"}],"curies":[{"name":"wp","href":"https:\/\/api.w.org\/{rel}","templated":true}]}}