{"id":3263,"date":"2023-07-02T00:25:31","date_gmt":"2023-07-02T00:25:31","guid":{"rendered":"https:\/\/colchonescolchoninos.com\/?post_type=product&#038;p=3263"},"modified":"2023-07-13T07:18:52","modified_gmt":"2023-07-13T07:18:52","slug":"cama-canguro-colors","status":"publish","type":"product","link":"https:\/\/colchonescolchoninos.com\/?product=cama-canguro-colors","title":{"rendered":"Cama Canguro Colors"},"content":{"rendered":"","protected":false},"excerpt":{"rendered":"<p>Cama Canguro Colors ideal para ahorrar espacio y para atender a tus visitas, madera de pino super reforzada y colores en tela elegantes, ideal para espacios peque\u00f1os.<\/p>\n<p>El colch\u00f3n inferior es super c\u00f3modo con tela en algod\u00f3n para mayor frescura y cuenta con llantas para su desplazamiento.<\/p>\n","protected":false},"featured_media":3265,"comment_status":"open","ping_status":"closed","template":"","meta":{"_eb_attr":"","om_disable_all_campaigns":false,"_monsterinsights_skip_tracking":false,"_monsterinsights_sitenote_active":false,"_monsterinsights_sitenote_note":"","_monsterinsights_sitenote_category":0},"product_cat":[99],"product_tag":[],"_links":{"self":[{"href":"https:\/\/colchonescolchoninos.com\/index.php?rest_route=\/wp\/v2\/product\/3263"}],"collection":[{"href":"https:\/\/colchonescolchoninos.com\/index.php?rest_route=\/wp\/v2\/product"}],"about":[{"href":"https:\/\/colchonescolchoninos.com\/index.php?rest_route=\/wp\/v2\/types\/product"}],"replies":[{"embeddable":true,"href":"https:\/\/colchonescolchoninos.com\/index.php?rest_route=%2Fwp%2Fv2%2Fcomments&post=3263"}],"wp:featuredmedia":[{"embeddable":true,"href":"https:\/\/colchonescolchoninos.com\/index.php?rest_route=\/wp\/v2\/media\/3265"}],"wp:attachment":[{"href":"https:\/\/colchonescolchoninos.com\/index.php?rest_route=%2Fwp%2Fv2%2Fmedia&parent=3263"}],"wp:term":[{"taxonomy":"product_cat","embeddable":true,"href":"https:\/\/colchonescolchoninos.com\/index.php?rest_route=%2Fwp%2Fv2%2Fproduct_cat&post=3263"},{"taxonomy":"product_tag","embeddable":true,"href":"https:\/\/colchonescolchoninos.com\/index.php?rest_route=%2Fwp%2Fv2%2Fproduct_tag&post=3263"}],"curies":[{"name":"wp","href":"https:\/\/api.w.org\/{rel}","templated":true}]}}