{"id":3244,"date":"2023-07-01T23:41:54","date_gmt":"2023-07-01T23:41:54","guid":{"rendered":"https:\/\/colchonescolchoninos.com\/?post_type=product&#038;p=3244"},"modified":"2023-07-13T07:43:32","modified_gmt":"2023-07-13T07:43:32","slug":"base-canguro","status":"publish","type":"product","link":"https:\/\/colchonescolchoninos.com\/?product=base-canguro","title":{"rendered":"Base Canguro"},"content":{"rendered":"","protected":false},"excerpt":{"rendered":"<p>Base canguro Kassal en presentaci\u00f3n individual y matrimonial (no incluye colchones) con estructura de madera de pino forrada en tela o tactopiel en diferentes colores, cuenta con un a\u00f1o de garant\u00eda. Entrega de 10 a 12 d\u00edas.<\/p>\n","protected":false},"featured_media":3247,"comment_status":"open","ping_status":"closed","template":"","meta":{"_eb_attr":"","om_disable_all_campaigns":false,"_monsterinsights_skip_tracking":false,"_monsterinsights_sitenote_active":false,"_monsterinsights_sitenote_note":"","_monsterinsights_sitenote_category":0},"product_cat":[99],"product_tag":[96],"_links":{"self":[{"href":"https:\/\/colchonescolchoninos.com\/index.php?rest_route=\/wp\/v2\/product\/3244"}],"collection":[{"href":"https:\/\/colchonescolchoninos.com\/index.php?rest_route=\/wp\/v2\/product"}],"about":[{"href":"https:\/\/colchonescolchoninos.com\/index.php?rest_route=\/wp\/v2\/types\/product"}],"replies":[{"embeddable":true,"href":"https:\/\/colchonescolchoninos.com\/index.php?rest_route=%2Fwp%2Fv2%2Fcomments&post=3244"}],"wp:featuredmedia":[{"embeddable":true,"href":"https:\/\/colchonescolchoninos.com\/index.php?rest_route=\/wp\/v2\/media\/3247"}],"wp:attachment":[{"href":"https:\/\/colchonescolchoninos.com\/index.php?rest_route=%2Fwp%2Fv2%2Fmedia&parent=3244"}],"wp:term":[{"taxonomy":"product_cat","embeddable":true,"href":"https:\/\/colchonescolchoninos.com\/index.php?rest_route=%2Fwp%2Fv2%2Fproduct_cat&post=3244"},{"taxonomy":"product_tag","embeddable":true,"href":"https:\/\/colchonescolchoninos.com\/index.php?rest_route=%2Fwp%2Fv2%2Fproduct_tag&post=3244"}],"curies":[{"name":"wp","href":"https:\/\/api.w.org\/{rel}","templated":true}]}}