{"id":3001,"date":"2022-11-10T17:00:59","date_gmt":"2022-11-10T17:00:59","guid":{"rendered":"https:\/\/colchonescolchoninos.com\/?post_type=product&#038;p=3001"},"modified":"2023-07-13T07:25:25","modified_gmt":"2023-07-13T07:25:25","slug":"paquete-colchon-restonic-base","status":"publish","type":"product","link":"https:\/\/colchonescolchoninos.com\/?product=paquete-colchon-restonic-base","title":{"rendered":"Paquete Colch\u00f3n Restonic + Base"},"content":{"rendered":"","protected":false},"excerpt":{"rendered":"<p><strong>\u00c1rmate tu cama de una buena vez al mejor precio con este exclusivo paquete de base y colch\u00f3n.\u00a0<\/strong><\/p>\n<p><strong>La base es Plus Tactopiel de la Marca Kassal. Cuenta con una base de madera de pino de alta durabilidad y soporte plano para colch\u00f3n, forrada en tactopiel chocolate, lo que te garantiza durabilidad y confort.<\/strong><\/p>\n<p><strong>El colch\u00f3n es Restonic, ideal para asegurarte un descanso placentero gracias a sus materiales de gran calidad y alta durabilidad.<\/strong><b><\/b><\/p>\n<p><b>Contamos con tama\u00f1o Individual, Matrimonial y King Size.<\/b><\/p>\n<p><b>No lo pienses mucho y hazte de un producto de alt\u00edsima calidad a gran precio. Conoce nuestras modalidades de pago y garant\u00eda.<\/b><\/p>\n","protected":false},"featured_media":3002,"comment_status":"open","ping_status":"closed","template":"","meta":{"_eb_attr":"","om_disable_all_campaigns":false,"_monsterinsights_skip_tracking":false,"_monsterinsights_sitenote_active":false,"_monsterinsights_sitenote_note":"","_monsterinsights_sitenote_category":0},"product_cat":[69,86],"product_tag":[68],"_links":{"self":[{"href":"https:\/\/colchonescolchoninos.com\/index.php?rest_route=\/wp\/v2\/product\/3001"}],"collection":[{"href":"https:\/\/colchonescolchoninos.com\/index.php?rest_route=\/wp\/v2\/product"}],"about":[{"href":"https:\/\/colchonescolchoninos.com\/index.php?rest_route=\/wp\/v2\/types\/product"}],"replies":[{"embeddable":true,"href":"https:\/\/colchonescolchoninos.com\/index.php?rest_route=%2Fwp%2Fv2%2Fcomments&post=3001"}],"wp:featuredmedia":[{"embeddable":true,"href":"https:\/\/colchonescolchoninos.com\/index.php?rest_route=\/wp\/v2\/media\/3002"}],"wp:attachment":[{"href":"https:\/\/colchonescolchoninos.com\/index.php?rest_route=%2Fwp%2Fv2%2Fmedia&parent=3001"}],"wp:term":[{"taxonomy":"product_cat","embeddable":true,"href":"https:\/\/colchonescolchoninos.com\/index.php?rest_route=%2Fwp%2Fv2%2Fproduct_cat&post=3001"},{"taxonomy":"product_tag","embeddable":true,"href":"https:\/\/colchonescolchoninos.com\/index.php?rest_route=%2Fwp%2Fv2%2Fproduct_tag&post=3001"}],"curies":[{"name":"wp","href":"https:\/\/api.w.org\/{rel}","templated":true}]}}