{"id":2991,"date":"2022-11-10T16:13:42","date_gmt":"2022-11-10T16:13:42","guid":{"rendered":"https:\/\/colchonescolchoninos.com\/?post_type=product&#038;p=2991"},"modified":"2023-07-13T07:30:29","modified_gmt":"2023-07-13T07:30:29","slug":"colchon-carreiro-litera-colors","status":"publish","type":"product","link":"https:\/\/colchonescolchoninos.com\/?product=colchon-carreiro-litera-colors","title":{"rendered":"Colch\u00f3n Carreiro Litera Colors"},"content":{"rendered":"","protected":false},"excerpt":{"rendered":"<p>Colch\u00f3n Litera Colors de la marca Carreiro es ideal para tu litera, ya que es un colch\u00f3n de poca altura que se adapta perfecto a los espacios bajos, cuenta con resorte y tiene un sistema de confort medio, ideal para los peque\u00f1os de la casa., ya que es de alta durabildad<\/p>\n","protected":false},"featured_media":2992,"comment_status":"open","ping_status":"closed","template":"","meta":{"_eb_attr":"","om_disable_all_campaigns":false,"_monsterinsights_skip_tracking":false,"_monsterinsights_sitenote_active":false,"_monsterinsights_sitenote_note":"","_monsterinsights_sitenote_category":0},"product_cat":[69],"product_tag":[89],"_links":{"self":[{"href":"https:\/\/colchonescolchoninos.com\/index.php?rest_route=\/wp\/v2\/product\/2991"}],"collection":[{"href":"https:\/\/colchonescolchoninos.com\/index.php?rest_route=\/wp\/v2\/product"}],"about":[{"href":"https:\/\/colchonescolchoninos.com\/index.php?rest_route=\/wp\/v2\/types\/product"}],"replies":[{"embeddable":true,"href":"https:\/\/colchonescolchoninos.com\/index.php?rest_route=%2Fwp%2Fv2%2Fcomments&post=2991"}],"wp:featuredmedia":[{"embeddable":true,"href":"https:\/\/colchonescolchoninos.com\/index.php?rest_route=\/wp\/v2\/media\/2992"}],"wp:attachment":[{"href":"https:\/\/colchonescolchoninos.com\/index.php?rest_route=%2Fwp%2Fv2%2Fmedia&parent=2991"}],"wp:term":[{"taxonomy":"product_cat","embeddable":true,"href":"https:\/\/colchonescolchoninos.com\/index.php?rest_route=%2Fwp%2Fv2%2Fproduct_cat&post=2991"},{"taxonomy":"product_tag","embeddable":true,"href":"https:\/\/colchonescolchoninos.com\/index.php?rest_route=%2Fwp%2Fv2%2Fproduct_tag&post=2991"}],"curies":[{"name":"wp","href":"https:\/\/api.w.org\/{rel}","templated":true}]}}