{"id":2874,"date":"2022-11-08T20:02:20","date_gmt":"2022-11-08T20:02:20","guid":{"rendered":"https:\/\/colchonescolchoninos.com\/?post_type=product&#038;p=2874"},"modified":"2023-07-13T07:35:41","modified_gmt":"2023-07-13T07:35:41","slug":"recamara-mary","status":"publish","type":"product","link":"https:\/\/colchonescolchoninos.com\/?product=recamara-mary","title":{"rendered":"Rec\u00e1mara Mary"},"content":{"rendered":"","protected":false},"excerpt":{"rendered":"<p><b>La Rec\u00e1mara Mary de marca Kassal le dar\u00e1 un estilo \u00fanico, elegante y c\u00f3modo a tu cuarto mientras descansas.<\/b><\/p>\n<p><b>Est\u00e1 hecha de madera de pino capitonada con acabado en tela tipo velvet o Lineth seg\u00fan el color, el cu\u00e1l puede ser plata, gris, negro, chocolate, rojo o azul.<\/b><\/p>\n<p><b>Contamos con medida Individual, Matrimonial, Queen Size y King Size.<\/b><\/p>\n<p><b>No lo pienses mucho y hazte de un producto de alt\u00edsima calidad a gran precio. Conoce nuestras modalidades de pago y garant\u00eda.<\/b><\/p>\n","protected":false},"featured_media":3042,"comment_status":"open","ping_status":"closed","template":"","meta":{"_eb_attr":"","om_disable_all_campaigns":false,"_monsterinsights_skip_tracking":false,"_monsterinsights_sitenote_active":false,"_monsterinsights_sitenote_note":"","_monsterinsights_sitenote_category":0},"product_cat":[93],"product_tag":[96],"_links":{"self":[{"href":"https:\/\/colchonescolchoninos.com\/index.php?rest_route=\/wp\/v2\/product\/2874"}],"collection":[{"href":"https:\/\/colchonescolchoninos.com\/index.php?rest_route=\/wp\/v2\/product"}],"about":[{"href":"https:\/\/colchonescolchoninos.com\/index.php?rest_route=\/wp\/v2\/types\/product"}],"replies":[{"embeddable":true,"href":"https:\/\/colchonescolchoninos.com\/index.php?rest_route=%2Fwp%2Fv2%2Fcomments&post=2874"}],"wp:featuredmedia":[{"embeddable":true,"href":"https:\/\/colchonescolchoninos.com\/index.php?rest_route=\/wp\/v2\/media\/3042"}],"wp:attachment":[{"href":"https:\/\/colchonescolchoninos.com\/index.php?rest_route=%2Fwp%2Fv2%2Fmedia&parent=2874"}],"wp:term":[{"taxonomy":"product_cat","embeddable":true,"href":"https:\/\/colchonescolchoninos.com\/index.php?rest_route=%2Fwp%2Fv2%2Fproduct_cat&post=2874"},{"taxonomy":"product_tag","embeddable":true,"href":"https:\/\/colchonescolchoninos.com\/index.php?rest_route=%2Fwp%2Fv2%2Fproduct_tag&post=2874"}],"curies":[{"name":"wp","href":"https:\/\/api.w.org\/{rel}","templated":true}]}}