{"id":2819,"date":"2022-11-08T18:38:39","date_gmt":"2022-11-08T18:38:39","guid":{"rendered":"https:\/\/colchonescolchoninos.com\/?post_type=product&#038;p=2819"},"modified":"2023-07-13T08:20:42","modified_gmt":"2023-07-13T08:20:42","slug":"colchon-carreiro-surprising-relax","status":"publish","type":"product","link":"https:\/\/colchonescolchoninos.com\/?product=colchon-carreiro-surprising-relax","title":{"rendered":"Colch\u00f3n Carreiro Surprising Relax"},"content":{"rendered":"","protected":false},"excerpt":{"rendered":"<p><b>Este modelo de la marca Carreiro cuenta con resortes de alta resistencia y una colchoneta con materiales de perfecta calidad con una sola cara que evita que tengas que darle vuelta, lo que te asegura un descanso confortable y larga duraci\u00f3n en la vida de tu compra.<\/b><\/p>\n<p><b>No lo pienses mucho, ll\u00e9vate un producto de excelente calidad al mejor precio. Consulta nuestras modalidades de pago, garant\u00eda y env\u00edo. <\/b><\/p>\n<p><b>Entrega aproximada de 15 d\u00edas.<\/b><\/p>\n","protected":false},"featured_media":3031,"comment_status":"open","ping_status":"closed","template":"","meta":{"_eb_attr":"","om_disable_all_campaigns":false,"_monsterinsights_skip_tracking":false,"_monsterinsights_sitenote_active":false,"_monsterinsights_sitenote_note":"","_monsterinsights_sitenote_category":0},"product_cat":[69],"product_tag":[89],"_links":{"self":[{"href":"https:\/\/colchonescolchoninos.com\/index.php?rest_route=\/wp\/v2\/product\/2819"}],"collection":[{"href":"https:\/\/colchonescolchoninos.com\/index.php?rest_route=\/wp\/v2\/product"}],"about":[{"href":"https:\/\/colchonescolchoninos.com\/index.php?rest_route=\/wp\/v2\/types\/product"}],"replies":[{"embeddable":true,"href":"https:\/\/colchonescolchoninos.com\/index.php?rest_route=%2Fwp%2Fv2%2Fcomments&post=2819"}],"wp:featuredmedia":[{"embeddable":true,"href":"https:\/\/colchonescolchoninos.com\/index.php?rest_route=\/wp\/v2\/media\/3031"}],"wp:attachment":[{"href":"https:\/\/colchonescolchoninos.com\/index.php?rest_route=%2Fwp%2Fv2%2Fmedia&parent=2819"}],"wp:term":[{"taxonomy":"product_cat","embeddable":true,"href":"https:\/\/colchonescolchoninos.com\/index.php?rest_route=%2Fwp%2Fv2%2Fproduct_cat&post=2819"},{"taxonomy":"product_tag","embeddable":true,"href":"https:\/\/colchonescolchoninos.com\/index.php?rest_route=%2Fwp%2Fv2%2Fproduct_tag&post=2819"}],"curies":[{"name":"wp","href":"https:\/\/api.w.org\/{rel}","templated":true}]}}