{"id":2815,"date":"2022-11-08T18:35:46","date_gmt":"2022-11-08T18:35:46","guid":{"rendered":"https:\/\/colchonescolchoninos.com\/?post_type=product&#038;p=2815"},"modified":"2023-07-13T08:23:19","modified_gmt":"2023-07-13T08:23:19","slug":"colchon-carreiro-hotelero","status":"publish","type":"product","link":"https:\/\/colchonescolchoninos.com\/?product=colchon-carreiro-hotelero","title":{"rendered":"Colch\u00f3n Carreiro Hotelero"},"content":{"rendered":"","protected":false},"excerpt":{"rendered":"<p><b>Un cl\u00e1sico que nunca pasa de moda. Este modelo de doble vista sin colchonetas cuenta con el dise\u00f1o cl\u00e1sico de resortes tipo Bonell y materiales de alta resistencia para otorgar gran firmeza, calidad y durabilidad que garanticen muchos a\u00f1os de descanso pleno sin modificar el estado de tu compra.<\/b><\/p>\n<p><b>No lo pienses mucho, ll\u00e9vate un producto de excelente calidad al mejor precio. Consulta nuestras modalidades de pago, garant\u00eda y env\u00edo. <\/b><\/p>\n<p><b>Entrega aproximada de 15 d\u00edas.<\/b><\/p>\n","protected":false},"featured_media":3032,"comment_status":"open","ping_status":"closed","template":"","meta":{"_eb_attr":"","om_disable_all_campaigns":false,"_monsterinsights_skip_tracking":false,"_monsterinsights_sitenote_active":false,"_monsterinsights_sitenote_note":"","_monsterinsights_sitenote_category":0},"product_cat":[69],"product_tag":[89],"_links":{"self":[{"href":"https:\/\/colchonescolchoninos.com\/index.php?rest_route=\/wp\/v2\/product\/2815"}],"collection":[{"href":"https:\/\/colchonescolchoninos.com\/index.php?rest_route=\/wp\/v2\/product"}],"about":[{"href":"https:\/\/colchonescolchoninos.com\/index.php?rest_route=\/wp\/v2\/types\/product"}],"replies":[{"embeddable":true,"href":"https:\/\/colchonescolchoninos.com\/index.php?rest_route=%2Fwp%2Fv2%2Fcomments&post=2815"}],"wp:featuredmedia":[{"embeddable":true,"href":"https:\/\/colchonescolchoninos.com\/index.php?rest_route=\/wp\/v2\/media\/3032"}],"wp:attachment":[{"href":"https:\/\/colchonescolchoninos.com\/index.php?rest_route=%2Fwp%2Fv2%2Fmedia&parent=2815"}],"wp:term":[{"taxonomy":"product_cat","embeddable":true,"href":"https:\/\/colchonescolchoninos.com\/index.php?rest_route=%2Fwp%2Fv2%2Fproduct_cat&post=2815"},{"taxonomy":"product_tag","embeddable":true,"href":"https:\/\/colchonescolchoninos.com\/index.php?rest_route=%2Fwp%2Fv2%2Fproduct_tag&post=2815"}],"curies":[{"name":"wp","href":"https:\/\/api.w.org\/{rel}","templated":true}]}}