{"id":2803,"date":"2022-11-08T18:23:19","date_gmt":"2022-11-08T18:23:19","guid":{"rendered":"https:\/\/colchonescolchoninos.com\/?post_type=product&#038;p=2803"},"modified":"2023-07-13T08:30:00","modified_gmt":"2023-07-13T08:30:00","slug":"colchon-carreiro-valencia","status":"publish","type":"product","link":"https:\/\/colchonescolchoninos.com\/?product=colchon-carreiro-valencia","title":{"rendered":"Colch\u00f3n Carreiro Valencia"},"content":{"rendered":"","protected":false},"excerpt":{"rendered":"<p><b>Combina un gran confort con excelente soporte gracias a este producto de la marca Carreiro, el cual cuenta con doble colchoneta basada en resortes Bonell de gran firmeza, calidad y durabilidad<\/b><b>\u00a0que te aseguran muchos a\u00f1os de descanso sin sufrir alteraciones en su forma.<\/b><\/p>\n<p><b>No lo pienses mucho y hazte de un producto de alt\u00edsima calidad a gran precio. Consulta nuestras modalidades de pago, garant\u00eda y env\u00edo. <\/b><\/p>\n<p><b>Entrega aproximada de 15 d\u00edas.<\/b><\/p>\n","protected":false},"featured_media":3035,"comment_status":"open","ping_status":"closed","template":"","meta":{"_eb_attr":"","om_disable_all_campaigns":false,"_monsterinsights_skip_tracking":false,"_monsterinsights_sitenote_active":false,"_monsterinsights_sitenote_note":"","_monsterinsights_sitenote_category":0},"product_cat":[69],"product_tag":[89],"_links":{"self":[{"href":"https:\/\/colchonescolchoninos.com\/index.php?rest_route=\/wp\/v2\/product\/2803"}],"collection":[{"href":"https:\/\/colchonescolchoninos.com\/index.php?rest_route=\/wp\/v2\/product"}],"about":[{"href":"https:\/\/colchonescolchoninos.com\/index.php?rest_route=\/wp\/v2\/types\/product"}],"replies":[{"embeddable":true,"href":"https:\/\/colchonescolchoninos.com\/index.php?rest_route=%2Fwp%2Fv2%2Fcomments&post=2803"}],"wp:featuredmedia":[{"embeddable":true,"href":"https:\/\/colchonescolchoninos.com\/index.php?rest_route=\/wp\/v2\/media\/3035"}],"wp:attachment":[{"href":"https:\/\/colchonescolchoninos.com\/index.php?rest_route=%2Fwp%2Fv2%2Fmedia&parent=2803"}],"wp:term":[{"taxonomy":"product_cat","embeddable":true,"href":"https:\/\/colchonescolchoninos.com\/index.php?rest_route=%2Fwp%2Fv2%2Fproduct_cat&post=2803"},{"taxonomy":"product_tag","embeddable":true,"href":"https:\/\/colchonescolchoninos.com\/index.php?rest_route=%2Fwp%2Fv2%2Fproduct_tag&post=2803"}],"curies":[{"name":"wp","href":"https:\/\/api.w.org\/{rel}","templated":true}]}}