{"id":2799,"date":"2022-11-08T18:18:59","date_gmt":"2022-11-08T18:18:59","guid":{"rendered":"https:\/\/colchonescolchoninos.com\/?post_type=product&#038;p=2799"},"modified":"2023-07-13T08:31:39","modified_gmt":"2023-07-13T08:31:39","slug":"colchon-carreiro-princesa","status":"publish","type":"product","link":"https:\/\/colchonescolchoninos.com\/?product=colchon-carreiro-princesa","title":{"rendered":"Colch\u00f3n Carreiro Princesa"},"content":{"rendered":"","protected":false},"excerpt":{"rendered":"<p><b>Alta durabilidad y una mezcla perfecta entre firmeza y calidad que asegure tu descanso es lo que encontrar\u00e1s en este modelo de la marca Carreiro, el cual goza de una doble vista sin colchonetas para que disfrutes un excelente confort y soporte de resortes tipo Bonell con la \u00faltima tecnolog\u00eda.<\/b><\/p>\n<p><b>No lo pienses mucho y hazte de un producto de alt\u00edsima calidad a gran precio. Consulta nuestras modalidades de pago, garant\u00eda y env\u00edo. <\/b><\/p>\n<p><b>Entrega aproximada de 15 d\u00edas.<\/b><\/p>\n","protected":false},"featured_media":3036,"comment_status":"open","ping_status":"closed","template":"","meta":{"_eb_attr":"","om_disable_all_campaigns":false,"_monsterinsights_skip_tracking":false,"_monsterinsights_sitenote_active":false,"_monsterinsights_sitenote_note":"","_monsterinsights_sitenote_category":0},"product_cat":[69],"product_tag":[89],"_links":{"self":[{"href":"https:\/\/colchonescolchoninos.com\/index.php?rest_route=\/wp\/v2\/product\/2799"}],"collection":[{"href":"https:\/\/colchonescolchoninos.com\/index.php?rest_route=\/wp\/v2\/product"}],"about":[{"href":"https:\/\/colchonescolchoninos.com\/index.php?rest_route=\/wp\/v2\/types\/product"}],"replies":[{"embeddable":true,"href":"https:\/\/colchonescolchoninos.com\/index.php?rest_route=%2Fwp%2Fv2%2Fcomments&post=2799"}],"wp:featuredmedia":[{"embeddable":true,"href":"https:\/\/colchonescolchoninos.com\/index.php?rest_route=\/wp\/v2\/media\/3036"}],"wp:attachment":[{"href":"https:\/\/colchonescolchoninos.com\/index.php?rest_route=%2Fwp%2Fv2%2Fmedia&parent=2799"}],"wp:term":[{"taxonomy":"product_cat","embeddable":true,"href":"https:\/\/colchonescolchoninos.com\/index.php?rest_route=%2Fwp%2Fv2%2Fproduct_cat&post=2799"},{"taxonomy":"product_tag","embeddable":true,"href":"https:\/\/colchonescolchoninos.com\/index.php?rest_route=%2Fwp%2Fv2%2Fproduct_tag&post=2799"}],"curies":[{"name":"wp","href":"https:\/\/api.w.org\/{rel}","templated":true}]}}