{"id":2767,"date":"2022-11-08T18:00:32","date_gmt":"2022-11-08T18:00:32","guid":{"rendered":"https:\/\/colchonescolchoninos.com\/?post_type=product&#038;p=2767"},"modified":"2023-07-13T08:33:21","modified_gmt":"2023-07-13T08:33:21","slug":"base-roca","status":"publish","type":"product","link":"https:\/\/colchonescolchoninos.com\/?product=base-roca","title":{"rendered":"Base Roca"},"content":{"rendered":"","protected":false},"excerpt":{"rendered":"<p><b>Si buscas algo duradero para reposar tu colch\u00f3n, esta es la opci\u00f3n adecuada, ya que la Base Roca es tan s\u00f3lida como su nombre. De marca Kassal, cuenta con una base de madera de pino reforzada de alta durabilidad y soporte plano para colch\u00f3n, adem\u00e1s incluye un juego de patas altas forrada en tela tipo Lineth o velvet.<\/b><\/p>\n<p><b>Para gustos, colores. Ll\u00e9vatela en azul, chocolate, plata, gris, negro o rojo.<\/b><\/p>\n<p><b>Contamos con tama\u00f1o Individual, Matrimonial, Queen Size y King Size (dos individuales).<\/b><\/p>\n<p><b>No lo pienses mucho y hazte de un producto de alt\u00edsima calidad a gran precio. Conoce nuestras modalidades de pago y garant\u00eda.<\/b><\/p>\n","protected":false},"featured_media":3011,"comment_status":"open","ping_status":"closed","template":"","meta":{"_eb_attr":"","om_disable_all_campaigns":false,"_monsterinsights_skip_tracking":false,"_monsterinsights_sitenote_active":false,"_monsterinsights_sitenote_note":"","_monsterinsights_sitenote_category":0},"product_cat":[56],"product_tag":[96],"_links":{"self":[{"href":"https:\/\/colchonescolchoninos.com\/index.php?rest_route=\/wp\/v2\/product\/2767"}],"collection":[{"href":"https:\/\/colchonescolchoninos.com\/index.php?rest_route=\/wp\/v2\/product"}],"about":[{"href":"https:\/\/colchonescolchoninos.com\/index.php?rest_route=\/wp\/v2\/types\/product"}],"replies":[{"embeddable":true,"href":"https:\/\/colchonescolchoninos.com\/index.php?rest_route=%2Fwp%2Fv2%2Fcomments&post=2767"}],"wp:featuredmedia":[{"embeddable":true,"href":"https:\/\/colchonescolchoninos.com\/index.php?rest_route=\/wp\/v2\/media\/3011"}],"wp:attachment":[{"href":"https:\/\/colchonescolchoninos.com\/index.php?rest_route=%2Fwp%2Fv2%2Fmedia&parent=2767"}],"wp:term":[{"taxonomy":"product_cat","embeddable":true,"href":"https:\/\/colchonescolchoninos.com\/index.php?rest_route=%2Fwp%2Fv2%2Fproduct_cat&post=2767"},{"taxonomy":"product_tag","embeddable":true,"href":"https:\/\/colchonescolchoninos.com\/index.php?rest_route=%2Fwp%2Fv2%2Fproduct_tag&post=2767"}],"curies":[{"name":"wp","href":"https:\/\/api.w.org\/{rel}","templated":true}]}}