{"id":2608,"date":"2022-11-04T20:06:08","date_gmt":"2022-11-04T20:06:08","guid":{"rendered":"https:\/\/colchonescolchoninos.com\/?post_type=product&#038;p=2608"},"modified":"2023-07-13T07:53:26","modified_gmt":"2023-07-13T07:53:26","slug":"colchon-vittorio-benzi-inverno","status":"publish","type":"product","link":"https:\/\/colchonescolchoninos.com\/?product=colchon-vittorio-benzi-inverno","title":{"rendered":"Colch\u00f3n Vittorio Benzi Inverno"},"content":{"rendered":"","protected":false},"excerpt":{"rendered":"<p><b>Una versi\u00f3n sencilla, buena, bonita, barata y muy \u00fatil que podr\u00e1s encontrar.\u00a0<\/b><\/p>\n<p><b>Este modelo Inverno cuenta con una colchoneta de firmeza media, capitoneado con l\u00e1mina de fibra sint\u00e9tica, l\u00e1mina de delcron de 170 gramos y resortes bic\u00f3nicos tipo Bonell para asegurar una duraci\u00f3n de m\u00e1s de 5 a\u00f1os.<\/b><\/p>\n<p><b>\u00a1Olv\u00eddate de las noches calurosas! La tela tipo Strech transpirable ofrece mayor frescura, algo que sin duda agradecer\u00e1s.<\/b><\/p>\n<p><b>Contamos con tama\u00f1o individual y matrimonial.<\/b><\/p>\n<p><b>No lo pienses mucho y hazte de un producto de alt\u00edsima calidad a gran precio. Conoce nuestras modalidades de pago, env\u00edo y garant\u00eda.<\/b><\/p>\n","protected":false},"featured_media":1067,"comment_status":"open","ping_status":"closed","template":"","meta":{"_eb_attr":"","om_disable_all_campaigns":false,"_monsterinsights_skip_tracking":false,"_monsterinsights_sitenote_active":false,"_monsterinsights_sitenote_note":"","_monsterinsights_sitenote_category":0},"product_cat":[69],"product_tag":[76],"_links":{"self":[{"href":"https:\/\/colchonescolchoninos.com\/index.php?rest_route=\/wp\/v2\/product\/2608"}],"collection":[{"href":"https:\/\/colchonescolchoninos.com\/index.php?rest_route=\/wp\/v2\/product"}],"about":[{"href":"https:\/\/colchonescolchoninos.com\/index.php?rest_route=\/wp\/v2\/types\/product"}],"replies":[{"embeddable":true,"href":"https:\/\/colchonescolchoninos.com\/index.php?rest_route=%2Fwp%2Fv2%2Fcomments&post=2608"}],"wp:featuredmedia":[{"embeddable":true,"href":"https:\/\/colchonescolchoninos.com\/index.php?rest_route=\/wp\/v2\/media\/1067"}],"wp:attachment":[{"href":"https:\/\/colchonescolchoninos.com\/index.php?rest_route=%2Fwp%2Fv2%2Fmedia&parent=2608"}],"wp:term":[{"taxonomy":"product_cat","embeddable":true,"href":"https:\/\/colchonescolchoninos.com\/index.php?rest_route=%2Fwp%2Fv2%2Fproduct_cat&post=2608"},{"taxonomy":"product_tag","embeddable":true,"href":"https:\/\/colchonescolchoninos.com\/index.php?rest_route=%2Fwp%2Fv2%2Fproduct_tag&post=2608"}],"curies":[{"name":"wp","href":"https:\/\/api.w.org\/{rel}","templated":true}]}}