{"id":2605,"date":"2022-11-04T19:47:11","date_gmt":"2022-11-04T19:47:11","guid":{"rendered":"https:\/\/colchonescolchoninos.com\/?post_type=product&#038;p=2605"},"modified":"2023-07-13T07:56:10","modified_gmt":"2023-07-13T07:56:10","slug":"colchon-restonic-magic-matrimonial","status":"publish","type":"product","link":"https:\/\/colchonescolchoninos.com\/?product=colchon-restonic-magic-matrimonial","title":{"rendered":"Colch\u00f3n Restonic Moon Care"},"content":{"rendered":"","protected":false},"excerpt":{"rendered":"<p><b>Una versi\u00f3n sencilla, buena, bonita, barata y muy \u00fatil que podr\u00e1s encontrar.\u00a0<\/b><\/p>\n<p><b>El afamado modelo Moon Care se dise\u00f1\u00f3 pensando en conseguir el balance que tu cuerpo necesita, ya que se compone de una colchoneta, un acojinamiento de placa de espuma y cuenta con sistema Moon Care, que te permitir\u00e1 disfrutar de un verdadero sue\u00f1o reparador.<\/b><\/p>\n<p><b>Su soporte semi firme es ideal para parejas que comienzan una nueva vida juntos, j\u00f3venes o personas sin sobrepeso.\u00a0<\/b><\/p>\n<p><b>No lo pienses mucho y hazte de un producto de alt\u00edsima calidad a gran precio. Conoce nuestras modalidades de pago y garant\u00eda.<\/b><\/p>\n","protected":false},"featured_media":1048,"comment_status":"open","ping_status":"closed","template":"","meta":{"_eb_attr":"","om_disable_all_campaigns":false,"_monsterinsights_skip_tracking":false,"_monsterinsights_sitenote_active":false,"_monsterinsights_sitenote_note":"","_monsterinsights_sitenote_category":0},"product_cat":[69,98],"product_tag":[68],"_links":{"self":[{"href":"https:\/\/colchonescolchoninos.com\/index.php?rest_route=\/wp\/v2\/product\/2605"}],"collection":[{"href":"https:\/\/colchonescolchoninos.com\/index.php?rest_route=\/wp\/v2\/product"}],"about":[{"href":"https:\/\/colchonescolchoninos.com\/index.php?rest_route=\/wp\/v2\/types\/product"}],"replies":[{"embeddable":true,"href":"https:\/\/colchonescolchoninos.com\/index.php?rest_route=%2Fwp%2Fv2%2Fcomments&post=2605"}],"wp:featuredmedia":[{"embeddable":true,"href":"https:\/\/colchonescolchoninos.com\/index.php?rest_route=\/wp\/v2\/media\/1048"}],"wp:attachment":[{"href":"https:\/\/colchonescolchoninos.com\/index.php?rest_route=%2Fwp%2Fv2%2Fmedia&parent=2605"}],"wp:term":[{"taxonomy":"product_cat","embeddable":true,"href":"https:\/\/colchonescolchoninos.com\/index.php?rest_route=%2Fwp%2Fv2%2Fproduct_cat&post=2605"},{"taxonomy":"product_tag","embeddable":true,"href":"https:\/\/colchonescolchoninos.com\/index.php?rest_route=%2Fwp%2Fv2%2Fproduct_tag&post=2605"}],"curies":[{"name":"wp","href":"https:\/\/api.w.org\/{rel}","templated":true}]}}