{"id":2598,"date":"2022-11-04T19:42:43","date_gmt":"2022-11-04T19:42:43","guid":{"rendered":"https:\/\/colchonescolchoninos.com\/?post_type=product&#038;p=2598"},"modified":"2023-07-13T08:08:05","modified_gmt":"2023-07-13T08:08:05","slug":"colchon-dubai-kenya","status":"publish","type":"product","link":"https:\/\/colchonescolchoninos.com\/?product=colchon-dubai-kenya","title":{"rendered":"Colch\u00f3n Dubai Kenya"},"content":{"rendered":"","protected":false},"excerpt":{"rendered":"<p><b>Si buscas una alternativa econ\u00f3mica pero de buena calidad, este colch\u00f3n es la opci\u00f3n, pues est\u00e1 elaborado con placa de aglutinado y espuma de alta densidad que brinda el soporte y confort perfectos para tu cuerpo.<\/b><\/p>\n<p><b>Este modelo Kenya cuenta tambi\u00e9n con tela de tejido de punto con tratamiento antibacterial, para que tu producto siempre se mantenga higi\u00e9nico.<\/b><\/p>\n<p><b>Contamos con tama\u00f1o Individual, Matrimonial, Queen Size y King Size.<\/b><\/p>\n<p><b>No lo pienses mucho y hazte de un producto de alt\u00edsima calidad a gran precio. Conoce nuestras modalidades de pago, ev\u00edo y garant\u00eda.<\/b><\/p>\n","protected":false},"featured_media":1035,"comment_status":"open","ping_status":"closed","template":"","meta":{"_eb_attr":"","om_disable_all_campaigns":false,"_monsterinsights_skip_tracking":false,"_monsterinsights_sitenote_active":false,"_monsterinsights_sitenote_note":"","_monsterinsights_sitenote_category":0},"product_cat":[69],"product_tag":[72],"_links":{"self":[{"href":"https:\/\/colchonescolchoninos.com\/index.php?rest_route=\/wp\/v2\/product\/2598"}],"collection":[{"href":"https:\/\/colchonescolchoninos.com\/index.php?rest_route=\/wp\/v2\/product"}],"about":[{"href":"https:\/\/colchonescolchoninos.com\/index.php?rest_route=\/wp\/v2\/types\/product"}],"replies":[{"embeddable":true,"href":"https:\/\/colchonescolchoninos.com\/index.php?rest_route=%2Fwp%2Fv2%2Fcomments&post=2598"}],"wp:featuredmedia":[{"embeddable":true,"href":"https:\/\/colchonescolchoninos.com\/index.php?rest_route=\/wp\/v2\/media\/1035"}],"wp:attachment":[{"href":"https:\/\/colchonescolchoninos.com\/index.php?rest_route=%2Fwp%2Fv2%2Fmedia&parent=2598"}],"wp:term":[{"taxonomy":"product_cat","embeddable":true,"href":"https:\/\/colchonescolchoninos.com\/index.php?rest_route=%2Fwp%2Fv2%2Fproduct_cat&post=2598"},{"taxonomy":"product_tag","embeddable":true,"href":"https:\/\/colchonescolchoninos.com\/index.php?rest_route=%2Fwp%2Fv2%2Fproduct_tag&post=2598"}],"curies":[{"name":"wp","href":"https:\/\/api.w.org\/{rel}","templated":true}]}}