{"id":2579,"date":"2022-11-04T18:56:21","date_gmt":"2022-11-04T18:56:21","guid":{"rendered":"https:\/\/colchonescolchoninos.com\/?post_type=product&#038;p=2579"},"modified":"2023-07-13T07:58:14","modified_gmt":"2023-07-13T07:58:14","slug":"cama-canguro-restonic","status":"publish","type":"product","link":"https:\/\/colchonescolchoninos.com\/?product=cama-canguro-restonic","title":{"rendered":"Cama Canguro Restonic"},"content":{"rendered":"","protected":false},"excerpt":{"rendered":"<p><b>Un art\u00edculo \u00fanico, moderno y funcional que resolver\u00e1 pr\u00e1ctiamente todos tus problemas de espacio y comodidad.<\/b><\/p>\n<p><b>Este modelo incluye Box duo bed con un ingenioso sistema que ofrece un lugar c\u00f3modo para dormir en un espacio reducido, por lo que podr\u00e1s albergar visitas sin problema y sin la necesidad de compartir el colch\u00f3n como tal, as\u00ed cada quien descansa con mayor comodidad.<\/b><\/p>\n<p><strong>Cuenta con un colch\u00f3n est\u00e1ndar con jaladera y ruedas para un uso \u00f3ptimo y confiable; el colch\u00f3n superior se vende por separado.<\/strong><b>\u00a0<\/b><\/p>\n<p><b>Contamos con presentaci\u00f3n individual y matrimonial en existencia.<\/b><\/p>\n<p><b>No lo pienses mucho y hazte de un producto de alt\u00edsima calidad a gran precio. Revisa nuestras diferentes modalidades de pago, env\u00edo y garant\u00eda.<\/b><\/p>\n","protected":false},"featured_media":1913,"comment_status":"open","ping_status":"closed","template":"","meta":{"_eb_attr":"","om_disable_all_campaigns":false,"_monsterinsights_skip_tracking":false,"_monsterinsights_sitenote_active":false,"_monsterinsights_sitenote_note":"","_monsterinsights_sitenote_category":0},"product_cat":[99,98],"product_tag":[68],"_links":{"self":[{"href":"https:\/\/colchonescolchoninos.com\/index.php?rest_route=\/wp\/v2\/product\/2579"}],"collection":[{"href":"https:\/\/colchonescolchoninos.com\/index.php?rest_route=\/wp\/v2\/product"}],"about":[{"href":"https:\/\/colchonescolchoninos.com\/index.php?rest_route=\/wp\/v2\/types\/product"}],"replies":[{"embeddable":true,"href":"https:\/\/colchonescolchoninos.com\/index.php?rest_route=%2Fwp%2Fv2%2Fcomments&post=2579"}],"wp:featuredmedia":[{"embeddable":true,"href":"https:\/\/colchonescolchoninos.com\/index.php?rest_route=\/wp\/v2\/media\/1913"}],"wp:attachment":[{"href":"https:\/\/colchonescolchoninos.com\/index.php?rest_route=%2Fwp%2Fv2%2Fmedia&parent=2579"}],"wp:term":[{"taxonomy":"product_cat","embeddable":true,"href":"https:\/\/colchonescolchoninos.com\/index.php?rest_route=%2Fwp%2Fv2%2Fproduct_cat&post=2579"},{"taxonomy":"product_tag","embeddable":true,"href":"https:\/\/colchonescolchoninos.com\/index.php?rest_route=%2Fwp%2Fv2%2Fproduct_tag&post=2579"}],"curies":[{"name":"wp","href":"https:\/\/api.w.org\/{rel}","templated":true}]}}