{"id":2574,"date":"2022-11-04T18:48:57","date_gmt":"2022-11-04T18:48:57","guid":{"rendered":"https:\/\/colchonescolchoninos.com\/?post_type=product&#038;p=2574"},"modified":"2023-07-13T08:38:56","modified_gmt":"2023-07-13T08:38:56","slug":"base-volada-tactopiel-chocolate","status":"publish","type":"product","link":"https:\/\/colchonescolchoninos.com\/?product=base-volada-tactopiel-chocolate","title":{"rendered":"Base Volada Tactopiel Chocolate"},"content":{"rendered":"","protected":false},"excerpt":{"rendered":"<p><b>Si buscas algo c\u00f3modo y est\u00e9ticamente diferente para reposar tu colch\u00f3n, esta es la opci\u00f3n adecuada, ya que la Base Volada Tactopiel Chocolate le dar\u00e1 un estilo \u00fanico a tu rec\u00e1mara mientras descansas.<\/b><\/p>\n<p><b>De marca Kassal, cuenta con una base de madera de pino reforzada de alta durabilidad y soporte plano para colch\u00f3n, lo que adem\u00e1s de bella, la convierte en resistente.<\/b><\/p>\n<p><b>No lo pienses mucho y hazte de un producto de alt\u00edsima calidad a gran precio. Pregunta por nuestras modalidades de pago y garant\u00eda.<\/b><\/p>\n","protected":false},"featured_media":798,"comment_status":"open","ping_status":"closed","template":"","meta":{"_eb_attr":"","om_disable_all_campaigns":false,"_monsterinsights_skip_tracking":false,"_monsterinsights_sitenote_active":false,"_monsterinsights_sitenote_note":"","_monsterinsights_sitenote_category":0},"product_cat":[56,98],"product_tag":[96],"_links":{"self":[{"href":"https:\/\/colchonescolchoninos.com\/index.php?rest_route=\/wp\/v2\/product\/2574"}],"collection":[{"href":"https:\/\/colchonescolchoninos.com\/index.php?rest_route=\/wp\/v2\/product"}],"about":[{"href":"https:\/\/colchonescolchoninos.com\/index.php?rest_route=\/wp\/v2\/types\/product"}],"replies":[{"embeddable":true,"href":"https:\/\/colchonescolchoninos.com\/index.php?rest_route=%2Fwp%2Fv2%2Fcomments&post=2574"}],"wp:featuredmedia":[{"embeddable":true,"href":"https:\/\/colchonescolchoninos.com\/index.php?rest_route=\/wp\/v2\/media\/798"}],"wp:attachment":[{"href":"https:\/\/colchonescolchoninos.com\/index.php?rest_route=%2Fwp%2Fv2%2Fmedia&parent=2574"}],"wp:term":[{"taxonomy":"product_cat","embeddable":true,"href":"https:\/\/colchonescolchoninos.com\/index.php?rest_route=%2Fwp%2Fv2%2Fproduct_cat&post=2574"},{"taxonomy":"product_tag","embeddable":true,"href":"https:\/\/colchonescolchoninos.com\/index.php?rest_route=%2Fwp%2Fv2%2Fproduct_tag&post=2574"}],"curies":[{"name":"wp","href":"https:\/\/api.w.org\/{rel}","templated":true}]}}