{"id":3233,"date":"2023-07-01T23:14:19","date_gmt":"2023-07-01T23:14:19","guid":{"rendered":"https:\/\/colchonescolchoninos.com\/?page_id=3233"},"modified":"2023-07-01T23:15:25","modified_gmt":"2023-07-01T23:15:25","slug":"recamaras","status":"publish","type":"page","link":"https:\/\/colchonescolchoninos.com\/?page_id=3233","title":{"rendered":"Rec\u00e1maras"},"content":{"rendered":"\t\t<div data-elementor-type=\"wp-page\" data-elementor-id=\"3233\" class=\"elementor elementor-3233\">\n\t\t\t\t\t\t\t\t\t<section class=\"elementor-section elementor-top-section elementor-element elementor-element-1023b00 elementor-section-boxed elementor-section-height-default elementor-section-height-default\" data-id=\"1023b00\" data-element_type=\"section\">\n\t\t\t\t\t\t<div class=\"elementor-container elementor-column-gap-default\">\n\t\t\t\t\t<div class=\"elementor-column elementor-col-100 elementor-top-column elementor-element elementor-element-4abe3fa\" data-id=\"4abe3fa\" data-element_type=\"column\">\n\t\t\t<div class=\"elementor-widget-wrap elementor-element-populated\">\n\t\t\t\t\t\t\t\t<div class=\"elementor-element elementor-element-0bb9170 premium-woo-product-align-center elementor-widget elementor-widget-premium-woo-products\" data-id=\"0bb9170\" data-element_type=\"widget\" data-widget_type=\"premium-woo-products.grid-1\">\n\t\t\t\t<div class=\"elementor-widget-container\">\n\t\t\t<div class=\"premium-woo-metro-style1 premium-woocommerce premium-woo-products-grid premium-woo-skin-grid-1 premium-woo-query-custom\" data-page-id=\"3233\" data-skin=\"grid_1\" data-quick-view=\"yes\"><div class=\"premium-woo-products-inner premium-woo-product__hover-swap\"><ul class=\"products columns-2\">\n\r\n<li class=\" post-3310 product first instock taxable shipping-taxable purchasable product-type-variable\">\r\n\t<div class=\"premium-woo-product-wrapper\">\r\n\t\t<div class=\"premium-woo-product-thumbnail\"><a href=\"https:\/\/colchonescolchoninos.com\/?product=recamara-capri\" class=\"woocommerce-LoopProduct-link woocommerce-loop-product__link\"><img src=\"https:\/\/colchonescolchoninos.com\/wp-content\/uploads\/2023\/07\/WhatsApp-Image-2023-07-01-at-6.41.20-PM.jpeg\" alt=\"\"><\/a><div class=\"premium-woo-qv-btn premium-woo-qv-btn-translate\" data-product-id=\"3310\">Vista r\u00e1pida<i class=\"premium-woo-qv-icon fa fa-eye\"><\/i><\/div><\/div><div class=\"premium-woo-products-details-wrap\"><a href=\"https:\/\/colchonescolchoninos.com\/?product=recamara-capri\" class=\"premium-woo-product__link\"><h2 class=\"woocommerce-loop-product__title\">Rec\u00e1mara Capri<\/h2><\/a>\t\t\t<span class=\"premium-woo-product-category\">\r\n\t\t\t\tRec\u00e1maras\t\t\t<\/span>\r\n\t\t\t<div class=\"eael-star-rating star-rating\"><span style=\"width:0%\">Valorado en <strong class=\"rating\">0<\/strong> de 5<\/span><\/div>\n\t<span class=\"price\"><span class=\"woocommerce-Price-amount amount\"><bdi><span class=\"woocommerce-Price-currencySymbol\">&#36;<\/span>3,849.00<\/bdi><\/span> &ndash; <span class=\"woocommerce-Price-amount amount\"><bdi><span class=\"woocommerce-Price-currencySymbol\">&#36;<\/span>5,949.00<\/bdi><\/span><\/span>\n<\/div>\t<\/div>\r\n<\/li>\r\n\r\n<li class=\" post-2874 product last instock taxable shipping-taxable purchasable product-type-variable\">\r\n\t<div class=\"premium-woo-product-wrapper\">\r\n\t\t<div class=\"premium-woo-product-thumbnail\"><a href=\"https:\/\/colchonescolchoninos.com\/?product=recamara-mary\" class=\"woocommerce-LoopProduct-link woocommerce-loop-product__link\"><img src=\"https:\/\/colchonescolchoninos.com\/wp-content\/uploads\/2022\/11\/IMG_20221109_203704.png\" alt=\"\"><\/a><div class=\"premium-woo-qv-btn premium-woo-qv-btn-translate\" data-product-id=\"2874\">Vista r\u00e1pida<i class=\"premium-woo-qv-icon fa fa-eye\"><\/i><\/div><\/div><div class=\"premium-woo-products-details-wrap\"><a href=\"https:\/\/colchonescolchoninos.com\/?product=recamara-mary\" class=\"premium-woo-product__link\"><h2 class=\"woocommerce-loop-product__title\">Rec\u00e1mara Mary<\/h2><\/a>\t\t\t<span class=\"premium-woo-product-category\">\r\n\t\t\t\tRec\u00e1maras\t\t\t<\/span>\r\n\t\t\t<div class=\"eael-star-rating star-rating\"><span style=\"width:0%\">Valorado en <strong class=\"rating\">0<\/strong> de 5<\/span><\/div>\n\t<span class=\"price\"><span class=\"woocommerce-Price-amount amount\"><bdi><span class=\"woocommerce-Price-currencySymbol\">&#36;<\/span>3,699.00<\/bdi><\/span> &ndash; <span class=\"woocommerce-Price-amount amount\"><bdi><span class=\"woocommerce-Price-currencySymbol\">&#36;<\/span>5,799.00<\/bdi><\/span><\/span>\n<\/div>\t<\/div>\r\n<\/li>\r\n<\/ul>\n<\/div><\/div><div class=\"premium-woo-quick-view-0bb9170\">\r\n\t<div class=\"premium-woo-quick-view-back\">\r\n\t\t<div class=\"premium-woo-quick-view-loader\"><\/div>\r\n\t<\/div>\r\n\t<div id=\"premium-woo-quick-view-modal\">\r\n\t\t<div class=\"premium-woo-content-main-wrapper\"><!--\r\n\t\t--><div class=\"premium-woo-content-main\">\r\n\t\t\t\t<div class=\"premium-woo-lightbox-content\">\r\n\t\t\t\t\t<div class=\"premium-woo-content-main-head\">\r\n\t\t\t\t\t\t<a href=\"#\" id=\"premium-woo-quick-view-close\" class=\"premium-woo-quick-view-close-btn fa fa-close\"><\/a>\r\n\t\t\t\t\t<\/div>\r\n\t\t\t\t\t<div id=\"premium-woo-quick-view-content\" class=\"woocommerce single-product\"><\/div>\r\n\t\t\t\t<\/div>\r\n\t\t\t<\/div>\r\n\t\t<\/div>\r\n\t<\/div>\r\n<\/div>\r\n\t\t<\/div>\n\t\t\t\t<\/div>\n\t\t\t\t\t<\/div>\n\t\t<\/div>\n\t\t\t\t\t\t\t<\/div>\n\t\t<\/section>\n\t\t\t\t\t\t\t<\/div>\n\t\t","protected":false},"excerpt":{"rendered":"<p>Vista r\u00e1pida Rec\u00e1mara Mary Rec\u00e1maras Valorado en 0 de 5 &#36;3,749.00 &ndash; &#36;5,949.00<\/p>\n","protected":false},"author":1,"featured_media":0,"parent":0,"menu_order":0,"comment_status":"closed","ping_status":"closed","template":"","meta":{"_eb_attr":"","om_disable_all_campaigns":false,"_monsterinsights_skip_tracking":false,"_monsterinsights_sitenote_active":false,"_monsterinsights_sitenote_note":"","_monsterinsights_sitenote_category":0},"_links":{"self":[{"href":"https:\/\/colchonescolchoninos.com\/index.php?rest_route=\/wp\/v2\/pages\/3233"}],"collection":[{"href":"https:\/\/colchonescolchoninos.com\/index.php?rest_route=\/wp\/v2\/pages"}],"about":[{"href":"https:\/\/colchonescolchoninos.com\/index.php?rest_route=\/wp\/v2\/types\/page"}],"author":[{"embeddable":true,"href":"https:\/\/colchonescolchoninos.com\/index.php?rest_route=\/wp\/v2\/users\/1"}],"replies":[{"embeddable":true,"href":"https:\/\/colchonescolchoninos.com\/index.php?rest_route=%2Fwp%2Fv2%2Fcomments&post=3233"}],"version-history":[{"count":4,"href":"https:\/\/colchonescolchoninos.com\/index.php?rest_route=\/wp\/v2\/pages\/3233\/revisions"}],"predecessor-version":[{"id":3237,"href":"https:\/\/colchonescolchoninos.com\/index.php?rest_route=\/wp\/v2\/pages\/3233\/revisions\/3237"}],"wp:attachment":[{"href":"https:\/\/colchonescolchoninos.com\/index.php?rest_route=%2Fwp%2Fv2%2Fmedia&parent=3233"}],"curies":[{"name":"wp","href":"https:\/\/api.w.org\/{rel}","templated":true}]}}