{"id":3105,"date":"2023-04-12T19:41:54","date_gmt":"2023-04-12T19:41:54","guid":{"rendered":"https:\/\/colchonescolchoninos.com\/?page_id=3105"},"modified":"2023-04-12T19:46:37","modified_gmt":"2023-04-12T19:46:37","slug":"elementor-3105","status":"publish","type":"page","link":"https:\/\/colchonescolchoninos.com\/?page_id=3105","title":{"rendered":"Aviso de Privacidad"},"content":{"rendered":"\t\t<div data-elementor-type=\"wp-page\" data-elementor-id=\"3105\" class=\"elementor elementor-3105\">\n\t\t\t\t\t\t\t\t\t<section class=\"elementor-section elementor-top-section elementor-element elementor-element-49b07966 elementor-section-boxed elementor-section-height-default elementor-section-height-default\" data-id=\"49b07966\" data-element_type=\"section\">\n\t\t\t\t\t\t<div class=\"elementor-container elementor-column-gap-default\">\n\t\t\t\t\t<div class=\"elementor-column elementor-col-100 elementor-top-column elementor-element elementor-element-37048a9a\" data-id=\"37048a9a\" data-element_type=\"column\">\n\t\t\t<div class=\"elementor-widget-wrap elementor-element-populated\">\n\t\t\t\t\t\t\t\t<div class=\"elementor-element elementor-element-6b4de570 elementor-widget elementor-widget-heading\" data-id=\"6b4de570\" data-element_type=\"widget\" data-widget_type=\"heading.default\">\n\t\t\t\t<div class=\"elementor-widget-container\">\n\t\t\t<style>\/*! elementor - v3.6.7 - 03-07-2022 *\/\n.elementor-heading-title{padding:0;margin:0;line-height:1}.elementor-widget-heading .elementor-heading-title[class*=elementor-size-]>a{color:inherit;font-size:inherit;line-height:inherit}.elementor-widget-heading .elementor-heading-title.elementor-size-small{font-size:15px}.elementor-widget-heading .elementor-heading-title.elementor-size-medium{font-size:19px}.elementor-widget-heading .elementor-heading-title.elementor-size-large{font-size:29px}.elementor-widget-heading .elementor-heading-title.elementor-size-xl{font-size:39px}.elementor-widget-heading .elementor-heading-title.elementor-size-xxl{font-size:59px}<\/style><h2 class=\"elementor-heading-title elementor-size-default\">Aviso de privacidad<\/h2>\t\t<\/div>\n\t\t\t\t<\/div>\n\t\t\t\t\t<\/div>\n\t\t<\/div>\n\t\t\t\t\t\t\t<\/div>\n\t\t<\/section>\n\t\t\t\t<section class=\"elementor-section elementor-top-section elementor-element elementor-element-4b89a70a elementor-section-boxed elementor-section-height-default elementor-section-height-default\" data-id=\"4b89a70a\" data-element_type=\"section\">\n\t\t\t\t\t\t<div class=\"elementor-container elementor-column-gap-default\">\n\t\t\t\t\t<div class=\"elementor-column elementor-col-100 elementor-top-column elementor-element elementor-element-6ea1a920\" data-id=\"6ea1a920\" data-element_type=\"column\">\n\t\t\t<div class=\"elementor-widget-wrap elementor-element-populated\">\n\t\t\t\t\t\t\t\t<div class=\"elementor-element elementor-element-70f1af1d elementor-widget elementor-widget-text-editor\" data-id=\"70f1af1d\" data-element_type=\"widget\" data-widget_type=\"text-editor.default\">\n\t\t\t\t<div class=\"elementor-widget-container\">\n\t\t\t<style>\/*! elementor - v3.6.7 - 03-07-2022 *\/\n.elementor-widget-text-editor.elementor-drop-cap-view-stacked .elementor-drop-cap{background-color:#818a91;color:#fff}.elementor-widget-text-editor.elementor-drop-cap-view-framed .elementor-drop-cap{color:#818a91;border:3px solid;background-color:transparent}.elementor-widget-text-editor:not(.elementor-drop-cap-view-default) .elementor-drop-cap{margin-top:8px}.elementor-widget-text-editor:not(.elementor-drop-cap-view-default) .elementor-drop-cap-letter{width:1em;height:1em}.elementor-widget-text-editor .elementor-drop-cap{float:left;text-align:center;line-height:1;font-size:50px}.elementor-widget-text-editor .elementor-drop-cap-letter{display:inline-block}<\/style>\t\t\t\t<p><strong>Colchones Colchoninos, S.A. de C.V. <\/strong>(\u201cColchones Colchoninos\u201d) con domicilio en Avenida Jar\u00edndes de Morelos 151 Secci\u00f3n Fuentes C.P. 55070, con n\u00famero de tel\u00e9fono 5521286319 en cumplimiento a las disposiciones aplicables de la Ley Federal de Protecci\u00f3n de Datos Personales en Posesi\u00f3n de Particulares (la \u201cLey\u201d), es el responsable del uso y protecci\u00f3n de sus datos personales y pone a su disposici\u00f3n este Aviso de Privacidad (\u201cAviso\u201d) con la finalidad de informarle los t\u00e9rminos y condiciones para el tratamiento de los datos personales (\u201cDatos\u201d) que usted nos proporcione, as\u00ed como la forma en la cual puede limitar el uso de los mismos.<\/p><p>Los Datos que se obtengan de manera escrita o a trav\u00e9s de cualquier otro medio, ser\u00e1n utilizados para diversos fines, entre los cuales se encuentran: (i) proveer los servicios que brindamos; (ii) entrega de la mercanc\u00eda que comercializamos; (iii) elaborar \u00f3rdenes de compra; (iv) elaborar facturas; (v) implementar nuestros procesos de reclutamiento.<\/p><p>De manera adicional, utilizaremos su informaci\u00f3n personal para elaborar perfiles anal\u00edticos, estad\u00edsticos y de mercadotecnia, a fin de prestarte un mejor servicio, ofrecerle mejores productos y brindarle una mejor atenci\u00f3n. En el entendido que, caso de que no desee que sus datos personales, sean tratados para dichos fines, podr\u00e1 manifestarlo en cualquier momento, al correo electr\u00f3nico que se se\u00f1ala m\u00e1s adelante, sin que dicha negativa sea motivo para que le neguemos los servicios y productos que proporcionamos.<\/p><p>Para los fines antes mencionados requerimos obtener cierta informaci\u00f3n incluyendo, seg\u00fan sea el caso los siguientes datos: nombre completo, domicilio completo, correo electr\u00f3nico, n\u00famero de Registro Federal de Contribuyentes,<\/p><p><strong>DERECHOS ARCO<\/strong><\/p><p>Usted, en todo momento, tiene derecho de Acceder, Rectificar, Cancelar u Oponerse al tratamiento que le demos a sus Datos, as\u00ed como para revocar el consentimiento otorgado para el tratamiento de los mismos <a href=\"https:\/\/colchonescolchoninos.com\/?page_id=13\">comunic\u00e1ndose aqu\u00ed,<\/a> expresando en dicho correo electr\u00f3nico al menos los siguientes datos:<\/p><p>a) Nombre completo, domicilio u otro medio para comunicarle la respuesta de su solicitud.<\/p><p>b) Descripci\u00f3n clara de los derechos respectos de los cuales busca ejercer los derechos de acceso, rectificaci\u00f3n, cancelaci\u00f3n u oposici\u00f3n.<\/p><p>c) Documentos que acrediten su identidad como titular de los Datos; y<\/p><p>d) Cualquier otro documento o elemento que facilite la localizaci\u00f3n de los Datos objeto de su solicitud.<\/p><p><strong>Colchones Colchoninos<\/strong>\u00a0tendr\u00e1 un plazo m\u00e1ximo de veinte d\u00edas para responder a su solicitud al correo electr\u00f3nico del cual se haya comunicado. En caso de que acepte limitar el uso o divulgaci\u00f3n de sus Datos realizar\u00e1 todos los actos necesarios para que dicha limitaci\u00f3n se haga en un plazo no mayor a quince d\u00edas h\u00e1biles despu\u00e9s de que usted reciba la respuesta a su solicitud.<\/p><p><strong>Colchones Colchoninos<\/strong>\u00a0podr\u00e1 negarle: (i) el acceso; (ii) ratificaci\u00f3n; (iii) cancelaci\u00f3n u (iv) oposici\u00f3n antes mencionado, en los siguientes casos:<\/p><p>a) Cuando usted no sea titular de los Datos que se encuentra solicitando.<\/p><p>b) Cuando los Datos no se encuentren en nuestras bases de datos.<\/p><p>c) Cuando se pudieran afectar derechos de un tercero.<\/p><p>d) Cuando exista un impedimento legal o la resoluci\u00f3n de una autoridad competente, en dicho sentido; y<\/p><p>e) Cuando la rectificaci\u00f3n, cancelaci\u00f3n u oposici\u00f3n haya sido previamente realizada.<\/p><p>En cualquiera de los casos anteriormente se\u00f1alados, <strong>Colchones Colchoninos<\/strong> le informar\u00e1 la raz\u00f3n de su negativa dentro de un plazo no mayor a 20 (veinte) d\u00edas.<\/p><p>El presente tr\u00e1mite no tendr\u00e1 ning\u00fan costo.<\/p><p>As\u00ed mismo, le informamos que usted tiene derecho a iniciar un Procedimiento de Protecci\u00f3n de Datos ante el Instituto Nacional de Transparencia, Acceso a la Informaci\u00f3n y Protecci\u00f3n de Datos Personales (www.inai.gob.mx) dentro de los quince d\u00edas siguientes a la fecha en que reciba la respuesta de <strong>Colchones Colchonios<\/strong> o a partir de que concluya el plazo de 20 (veinte) d\u00edas contados a partir de la fecha de recepci\u00f3n de su solicitud sin que\u00a0<strong>Colchones Colchoninos<\/strong>\u00a0le haya dado respuesta a la misma.<\/p><p><br \/><br \/><\/p><p><strong>TRANSFERENCIA DE DATOS<\/strong><\/p><p>Le recordamos que sus Datos s\u00f3lo se transmitir\u00e1n con socios comerciales para cuestiones de mercadotecnia, si usted no se niega a dicha transferencia, entenderemos que consiente la misma, sin embargo en cualquier momento, podr\u00e1 limitar o negarse a dicha transferencia mediante comunicaci\u00f3n por escrito a <a href=\"https:\/\/colchonescolchoninos.com\/?page_id=13\">nuestro contacto.<\/a><\/p><p>\u00a0<\/p><p><strong>LIMITACI\u00d3N DE USO Y DIVULGACI\u00d3N DE INFORMACI\u00d3N.<\/strong><\/p><p>En nuestro programa de notificaci\u00f3n de promociones, ofertas y servicios a trav\u00e9s de correo electr\u00f3nico, s\u00f3lo <a href=\"https:\/\/colchonescolchoninos.com\/?page_id=13\">nuestro contacto <\/a>tiene acceso a la informaci\u00f3n recabada. Este tipo de publicidad se realiza mediante avisos y mensajes promocionales de correo electr\u00f3nico, los cuales s\u00f3lo ser\u00e1n enviados a usted y a aquellos contactos registrados para tal prop\u00f3sito, esta indicaci\u00f3n podr\u00e1 usted modificarla en cualquier momento enviando un correo a <a href=\"https:\/\/colchonescolchoninos.com\/?page_id=13\">nuestro contacto.<\/a><\/p><p><strong>PROTECCI\u00d3N DE LA INFORMACI\u00d3N PERSONAL.<\/strong><\/p><p>En el sitio web https:\/\/colchonescolchoninos.com.\/ utilizamos un candado SSL (Secure Socket Layer) para cifrar la informaci\u00f3n registrada y que viaje segura durante su transmisi\u00f3n.<\/p><p><strong>REVOCACI\u00d3N DE CONSENTIMIENTO.<\/strong><\/p><p>Usted puede revocar el consentimiento que, en su caso, nos haya otorgado para el tratamiento de sus Datos, envi\u00e1ndonos un correo electr\u00f3nico a <a href=\"https:\/\/colchonescolchoninos.com\/?page_id=13\">nuestro contacto,<\/a> sin embargo, es importante que tenga en cuenta que no en todos los casos podremos atender su solicitud o concluir el uso de forma inmediata, ya que es posible que por alguna obligaci\u00f3n legal requiramos seguir tratando sus datos personales. Asimismo, deber\u00e1 considerar que para ciertos fines, la revocaci\u00f3n de su consentimiento implicar\u00e1 que no podamos seguir prestando el servicio solicitado, o la conclusi\u00f3n de su relaci\u00f3n jur\u00eddica con nosotros, por lo que nos reservamos el derecho de analizar su solicitud, para lo cual le enviaremos la respuesta correspondiente en un plazo m\u00e1ximo de 20 d\u00edas.<\/p><p><strong>USO DE COOKIES Y WEB BEACONS<\/strong><\/p><p>Hacemos de su conocimiento que contamos con tecnolog\u00edas electr\u00f3nicas (cookies y web beacons), que nos permiten recabar datos de su actividad de manera electr\u00f3nica y simult\u00e1nea al tiempo que usted hace contacto con nosotros a trav\u00e9s de nuestra p\u00e1gina de internet: http:\/\/www.dico.com.mx<\/p><p>Los datos que recabamos son los siguientes:<\/p><ul><li>Nombre, domicilio, intereses, demograf\u00eda.<\/li><li type=\"disc\">Informaci\u00f3n del tipo de explorador que utiliza.<\/li><li type=\"disc\">Informaci\u00f3n del horario y tiempo que permaneci\u00f3 en nuestra p\u00e1gina de internet.<\/li><li type=\"disc\">Secciones consultadas en nuestra p\u00e1gina.<\/li><li type=\"disc\">Informaci\u00f3n de las p\u00e1ginas que visit\u00f3 previo de ingresar a nuestra p\u00e1gina<\/li><li type=\"disc\">Informaci\u00f3n de las p\u00e1ginas que visit\u00f3 posterior a haber ingresado a nuestra p\u00e1gina de internet<\/li><li type=\"disc\">Su direcci\u00f3n IP.<\/li><\/ul><p>Los datos recabados, no son necesarios para cumplir con las finalidades se\u00f1aladas en el presente aviso de privacidad, sin embargo, nos son de suma importancia y utilidad para cumplir con las siguientes finalidades:<\/p><ul><li type=\"disc\">Proporcionar nuestros servicios<\/li><li type=\"disc\">Enviar informaci\u00f3n a su correo electr\u00f3nico<\/li><li type=\"disc\">Enviar publicidad de nuestra empresa, as\u00ed como ofrecerle nuestros servicios<\/li><\/ul><p>Derivado de lo anterior, se establece la instalaci\u00f3n, permanencia y existencia de Cookies en el equipo de c\u00f3mputo o dispositivo electr\u00f3nico.<\/p><p>En todo momento usted puede deshabilitar el uso de estas tecnolog\u00edas. Podr\u00e1 consultar dicho procedimiento en:<\/p><ul><li style=\"list-style-type: none;\"><ul><li type=\"disc\">Internet Explorer (en Windows):\u00a0<a href=\"http:\/\/windows.microsoft.com\/es-es\/windows-vista\/block-or-allow-cookies\">Ver mas<\/a><\/li><li type=\"disc\">Firefox:\u00a0<a href=\"https:\/\/support.mozilla.org\/es\/kb\/habilitar-y-deshabilitar-cookies-que-los-sitios-we\">Ver mas<\/a><\/li><li type=\"disc\">Google Chrome:\u00a0<a href=\"http:\/\/support.google.com\/chrome\/bin\/answer.py?hl=es&amp;answer=95647\">Ver mas<\/a><\/li><li type=\"disc\">Opera:\u00a0<a href=\"http:\/\/help.opera.com\/Windows\/11.50\/es-ES\/cookies.html\">Ver mas<\/a><\/li><li type=\"disc\">Safari en Mac:\u00a0<a href=\"http:\/\/www.apple.com\/legal\/privacy\/es\/cookies\/\">Ver mas<\/a><\/li><\/ul><\/li><\/ul><p><strong>ACEPTACI\u00d3N DE LOS T\u00c9RMINOS.<\/strong><\/p><p>Esta declaraci\u00f3n de Confidencialidad \/ Privacidad est\u00e1 sujeta a los t\u00e9rminos y condiciones de https:\/\/colchonescolchoninos.com\/, lo cual constituye un acuerdo legal, si el usuario utiliza nuestros servicios, significa que ha le\u00eddo, entendido y acordado los t\u00e9rminos antes expuestos.<\/p><p><strong>CAMBIOS EN EL AVISO DE PRIVACIDAD<\/strong><\/p><p>Nos reservamos el derecho de efectuar en cualquier momento, modificaciones o actualizaciones al presente Aviso, para la atenci\u00f3n de novedades legislativas o jurisprudenciales, pol\u00edticas internas, nuevos requerimientos y pr\u00e1cticas de mercado. Cualquier modificaci\u00f3n al mismo, ser\u00e1 publicada en nuestra p\u00e1gina de internet http:\/\/www.colchonescolchoninos.com. Fecha de \u00faltima actualizaci\u00f3n 12 de abril de 2023.<\/p>\t\t\t\t\t\t<\/div>\n\t\t\t\t<\/div>\n\t\t\t\t\t<\/div>\n\t\t<\/div>\n\t\t\t\t\t\t\t<\/div>\n\t\t<\/section>\n\t\t\t\t<section class=\"elementor-section elementor-top-section elementor-element elementor-element-5b7bc24f elementor-section-boxed elementor-section-height-default elementor-section-height-default\" data-id=\"5b7bc24f\" data-element_type=\"section\">\n\t\t\t\t\t\t<div class=\"elementor-container elementor-column-gap-default\">\n\t\t\t\t\t<div class=\"elementor-column elementor-col-100 elementor-top-column elementor-element elementor-element-2ac5e13b\" data-id=\"2ac5e13b\" data-element_type=\"column\">\n\t\t\t<div class=\"elementor-widget-wrap elementor-element-populated\">\n\t\t\t\t\t\t\t\t<div class=\"elementor-element elementor-element-39b3c03b elementor-shape-circle elementor-grid-0 e-grid-align-center elementor-widget elementor-widget-social-icons\" data-id=\"39b3c03b\" data-element_type=\"widget\" data-widget_type=\"social-icons.default\">\n\t\t\t\t<div class=\"elementor-widget-container\">\n\t\t\t<style>\/*! elementor - v3.6.7 - 03-07-2022 *\/\n.elementor-widget-social-icons.elementor-grid-0 .elementor-widget-container,.elementor-widget-social-icons.elementor-grid-mobile-0 .elementor-widget-container,.elementor-widget-social-icons.elementor-grid-tablet-0 .elementor-widget-container{line-height:1;font-size:0}.elementor-widget-social-icons:not(.elementor-grid-0):not(.elementor-grid-tablet-0):not(.elementor-grid-mobile-0) .elementor-grid{display:inline-grid}.elementor-widget-social-icons .elementor-grid{grid-column-gap:var(--grid-column-gap,5px);grid-row-gap:var(--grid-row-gap,5px);grid-template-columns:var(--grid-template-columns);-webkit-box-pack:var(--justify-content,center);-ms-flex-pack:var(--justify-content,center);justify-content:var(--justify-content,center);justify-items:var(--justify-content,center)}.elementor-icon.elementor-social-icon{font-size:var(--icon-size,25px);line-height:var(--icon-size,25px);width:calc(var(--icon-size, 25px) + (2 * var(--icon-padding, .5em)));height:calc(var(--icon-size, 25px) + (2 * var(--icon-padding, .5em)))}.elementor-social-icon{--e-social-icon-icon-color:#fff;display:-webkit-inline-box;display:-ms-inline-flexbox;display:inline-flex;background-color:#818a91;-webkit-box-align:center;-ms-flex-align:center;align-items:center;-webkit-box-pack:center;-ms-flex-pack:center;justify-content:center;text-align:center;cursor:pointer}.elementor-social-icon i{color:var(--e-social-icon-icon-color)}.elementor-social-icon svg{fill:var(--e-social-icon-icon-color)}.elementor-social-icon:last-child{margin:0}.elementor-social-icon:hover{opacity:.9;color:#fff}.elementor-social-icon-android{background-color:#a4c639}.elementor-social-icon-apple{background-color:#999}.elementor-social-icon-behance{background-color:#1769ff}.elementor-social-icon-bitbucket{background-color:#205081}.elementor-social-icon-codepen{background-color:#000}.elementor-social-icon-delicious{background-color:#39f}.elementor-social-icon-deviantart{background-color:#05cc47}.elementor-social-icon-digg{background-color:#005be2}.elementor-social-icon-dribbble{background-color:#ea4c89}.elementor-social-icon-elementor{background-color:#d30c5c}.elementor-social-icon-envelope{background-color:#ea4335}.elementor-social-icon-facebook,.elementor-social-icon-facebook-f{background-color:#3b5998}.elementor-social-icon-flickr{background-color:#0063dc}.elementor-social-icon-foursquare{background-color:#2d5be3}.elementor-social-icon-free-code-camp,.elementor-social-icon-freecodecamp{background-color:#006400}.elementor-social-icon-github{background-color:#333}.elementor-social-icon-gitlab{background-color:#e24329}.elementor-social-icon-globe{background-color:#818a91}.elementor-social-icon-google-plus,.elementor-social-icon-google-plus-g{background-color:#dd4b39}.elementor-social-icon-houzz{background-color:#7ac142}.elementor-social-icon-instagram{background-color:#262626}.elementor-social-icon-jsfiddle{background-color:#487aa2}.elementor-social-icon-link{background-color:#818a91}.elementor-social-icon-linkedin,.elementor-social-icon-linkedin-in{background-color:#0077b5}.elementor-social-icon-medium{background-color:#00ab6b}.elementor-social-icon-meetup{background-color:#ec1c40}.elementor-social-icon-mixcloud{background-color:#273a4b}.elementor-social-icon-odnoklassniki{background-color:#f4731c}.elementor-social-icon-pinterest{background-color:#bd081c}.elementor-social-icon-product-hunt{background-color:#da552f}.elementor-social-icon-reddit{background-color:#ff4500}.elementor-social-icon-rss{background-color:#f26522}.elementor-social-icon-shopping-cart{background-color:#4caf50}.elementor-social-icon-skype{background-color:#00aff0}.elementor-social-icon-slideshare{background-color:#0077b5}.elementor-social-icon-snapchat{background-color:#fffc00}.elementor-social-icon-soundcloud{background-color:#f80}.elementor-social-icon-spotify{background-color:#2ebd59}.elementor-social-icon-stack-overflow{background-color:#fe7a15}.elementor-social-icon-steam{background-color:#00adee}.elementor-social-icon-stumbleupon{background-color:#eb4924}.elementor-social-icon-telegram{background-color:#2ca5e0}.elementor-social-icon-thumb-tack{background-color:#1aa1d8}.elementor-social-icon-tripadvisor{background-color:#589442}.elementor-social-icon-tumblr{background-color:#35465c}.elementor-social-icon-twitch{background-color:#6441a5}.elementor-social-icon-twitter{background-color:#1da1f2}.elementor-social-icon-viber{background-color:#665cac}.elementor-social-icon-vimeo{background-color:#1ab7ea}.elementor-social-icon-vk{background-color:#45668e}.elementor-social-icon-weibo{background-color:#dd2430}.elementor-social-icon-weixin{background-color:#31a918}.elementor-social-icon-whatsapp{background-color:#25d366}.elementor-social-icon-wordpress{background-color:#21759b}.elementor-social-icon-xing{background-color:#026466}.elementor-social-icon-yelp{background-color:#af0606}.elementor-social-icon-youtube{background-color:#cd201f}.elementor-social-icon-500px{background-color:#0099e5}.elementor-shape-rounded .elementor-icon.elementor-social-icon{border-radius:10%}.elementor-shape-circle .elementor-icon.elementor-social-icon{border-radius:50%}<\/style>\t\t<div class=\"elementor-social-icons-wrapper elementor-grid\">\n\t\t\t\t\t\t\t<span class=\"elementor-grid-item\">\n\t\t\t\t\t<a class=\"elementor-icon elementor-social-icon elementor-social-icon-facebook elementor-animation-wobble-top elementor-repeater-item-8b67c57\" href=\"http:\/\/facebook.com\/ventadebodegasancristobal\" target=\"_blank\">\n\t\t\t\t\t\t<span class=\"elementor-screen-only\">Facebook<\/span>\n\t\t\t\t\t\t<i class=\"fab fa-facebook\"><\/i>\t\t\t\t\t<\/a>\n\t\t\t\t<\/span>\n\t\t\t\t\t\t\t<span class=\"elementor-grid-item\">\n\t\t\t\t\t<a class=\"elementor-icon elementor-social-icon elementor-social-icon-whatsapp elementor-animation-wobble-top elementor-repeater-item-d10353d\" href=\"https:\/\/api.whatsapp.com\/send\/?phone=525521286319\" target=\"_blank\">\n\t\t\t\t\t\t<span class=\"elementor-screen-only\">Whatsapp<\/span>\n\t\t\t\t\t\t<i class=\"fab fa-whatsapp\"><\/i>\t\t\t\t\t<\/a>\n\t\t\t\t<\/span>\n\t\t\t\t\t<\/div>\n\t\t\t\t<\/div>\n\t\t\t\t<\/div>\n\t\t\t\t\t<\/div>\n\t\t<\/div>\n\t\t\t\t\t\t\t<\/div>\n\t\t<\/section>\n\t\t\t\t\t\t\t<\/div>\n\t\t","protected":false},"excerpt":{"rendered":"<p>Aviso de privacidad Colchones Colchoninos, S.A. de C.V. (\u201cColchones Colchoninos\u201d) con domicilio en Avenida Jar\u00edndes de Morelos 151 Secci\u00f3n Fuentes C.P. 55070, con n\u00famero de tel\u00e9fono 5521286319 en cumplimiento a las disposiciones aplicables de la Ley Federal de Protecci\u00f3n de Datos Personales en Posesi\u00f3n de Particulares (la \u201cLey\u201d), es el responsable del uso y protecci\u00f3n [&hellip;]<\/p>\n","protected":false},"author":1,"featured_media":0,"parent":0,"menu_order":0,"comment_status":"closed","ping_status":"closed","template":"","meta":{"_eb_attr":"","om_disable_all_campaigns":false,"_monsterinsights_skip_tracking":false,"_monsterinsights_sitenote_active":false,"_monsterinsights_sitenote_note":"","_monsterinsights_sitenote_category":0},"_links":{"self":[{"href":"https:\/\/colchonescolchoninos.com\/index.php?rest_route=\/wp\/v2\/pages\/3105"}],"collection":[{"href":"https:\/\/colchonescolchoninos.com\/index.php?rest_route=\/wp\/v2\/pages"}],"about":[{"href":"https:\/\/colchonescolchoninos.com\/index.php?rest_route=\/wp\/v2\/types\/page"}],"author":[{"embeddable":true,"href":"https:\/\/colchonescolchoninos.com\/index.php?rest_route=\/wp\/v2\/users\/1"}],"replies":[{"embeddable":true,"href":"https:\/\/colchonescolchoninos.com\/index.php?rest_route=%2Fwp%2Fv2%2Fcomments&post=3105"}],"version-history":[{"count":8,"href":"https:\/\/colchonescolchoninos.com\/index.php?rest_route=\/wp\/v2\/pages\/3105\/revisions"}],"predecessor-version":[{"id":3116,"href":"https:\/\/colchonescolchoninos.com\/index.php?rest_route=\/wp\/v2\/pages\/3105\/revisions\/3116"}],"wp:attachment":[{"href":"https:\/\/colchonescolchoninos.com\/index.php?rest_route=%2Fwp%2Fv2%2Fmedia&parent=3105"}],"curies":[{"name":"wp","href":"https:\/\/api.w.org\/{rel}","templated":true}]}}