{"id":260,"date":"2022-07-22T01:05:24","date_gmt":"2022-07-22T01:05:24","guid":{"rendered":"https:\/\/colchonescolchoninos.com\/?page_id=260"},"modified":"2022-08-05T18:06:46","modified_gmt":"2022-08-05T18:06:46","slug":"blog","status":"publish","type":"page","link":"https:\/\/colchonescolchoninos.com\/?page_id=260","title":{"rendered":"Blog"},"content":{"rendered":"\t\t<div data-elementor-type=\"wp-page\" data-elementor-id=\"260\" class=\"elementor elementor-260\">\n\t\t\t\t\t\t\t\t\t<section class=\"elementor-section elementor-top-section elementor-element elementor-element-804f1b1 elementor-section-boxed elementor-section-height-default elementor-section-height-default\" data-id=\"804f1b1\" data-element_type=\"section\">\n\t\t\t\t\t\t<div class=\"elementor-container elementor-column-gap-default\">\n\t\t\t\t\t<div class=\"elementor-column elementor-col-100 elementor-top-column elementor-element elementor-element-35ea167\" data-id=\"35ea167\" data-element_type=\"column\">\n\t\t\t<div class=\"elementor-widget-wrap elementor-element-populated\">\n\t\t\t\t\t\t\t\t<div class=\"elementor-element elementor-element-060d684 elementor-widget elementor-widget-heading\" data-id=\"060d684\" data-element_type=\"widget\" data-widget_type=\"heading.default\">\n\t\t\t\t<div class=\"elementor-widget-container\">\n\t\t\t<style>\/*! elementor - v3.6.7 - 03-07-2022 *\/\n.elementor-heading-title{padding:0;margin:0;line-height:1}.elementor-widget-heading .elementor-heading-title[class*=elementor-size-]>a{color:inherit;font-size:inherit;line-height:inherit}.elementor-widget-heading .elementor-heading-title.elementor-size-small{font-size:15px}.elementor-widget-heading .elementor-heading-title.elementor-size-medium{font-size:19px}.elementor-widget-heading .elementor-heading-title.elementor-size-large{font-size:29px}.elementor-widget-heading .elementor-heading-title.elementor-size-xl{font-size:39px}.elementor-widget-heading .elementor-heading-title.elementor-size-xxl{font-size:59px}<\/style><h2 class=\"elementor-heading-title elementor-size-default\">Conoce las t\u00e9cnicas para so\u00f1ar en grande<\/h2>\t\t<\/div>\n\t\t\t\t<\/div>\n\t\t\t\t\t<\/div>\n\t\t<\/div>\n\t\t\t\t\t\t\t<\/div>\n\t\t<\/section>\n\t\t\t\t<section class=\"elementor-section elementor-top-section elementor-element elementor-element-911c5a9 elementor-section-boxed elementor-section-height-default elementor-section-height-default\" data-id=\"911c5a9\" data-element_type=\"section\">\n\t\t\t\t\t\t<div class=\"elementor-container elementor-column-gap-default\">\n\t\t\t\t\t<div class=\"elementor-column elementor-col-33 elementor-top-column elementor-element elementor-element-21b3703\" data-id=\"21b3703\" data-element_type=\"column\">\n\t\t\t<div class=\"elementor-widget-wrap elementor-element-populated\">\n\t\t\t\t\t\t\t\t<div class=\"elementor-element elementor-element-719f797 elementor-widget elementor-widget-image\" data-id=\"719f797\" data-element_type=\"widget\" data-widget_type=\"image.default\">\n\t\t\t\t<div class=\"elementor-widget-container\">\n\t\t\t<style>\/*! elementor - v3.6.7 - 03-07-2022 *\/\n.elementor-widget-image{text-align:center}.elementor-widget-image a{display:inline-block}.elementor-widget-image a img[src$=\".svg\"]{width:48px}.elementor-widget-image img{vertical-align:middle;display:inline-block}<\/style>\t\t\t\t\t\t\t\t\t<figure class=\"wp-caption\">\n\t\t\t\t\t\t\t\t\t\t\t<a href=\"https:\/\/colchonescolchoninos.com\/?p=1429\">\n\t\t\t\t\t\t\t<img width=\"1024\" height=\"683\" src=\"https:\/\/colchonescolchoninos.com\/wp-content\/uploads\/2022\/07\/consejos-para-elegir-tu-sala-ideal-1-1-1024x683-1.jpg\" class=\"attachment-full size-full\" alt=\"\" loading=\"lazy\" srcset=\"https:\/\/colchonescolchoninos.com\/wp-content\/uploads\/2022\/07\/consejos-para-elegir-tu-sala-ideal-1-1-1024x683-1.jpg 1024w, https:\/\/colchonescolchoninos.com\/wp-content\/uploads\/2022\/07\/consejos-para-elegir-tu-sala-ideal-1-1-1024x683-1-600x400.jpg 600w, https:\/\/colchonescolchoninos.com\/wp-content\/uploads\/2022\/07\/consejos-para-elegir-tu-sala-ideal-1-1-1024x683-1-300x200.jpg 300w, https:\/\/colchonescolchoninos.com\/wp-content\/uploads\/2022\/07\/consejos-para-elegir-tu-sala-ideal-1-1-1024x683-1-768x512.jpg 768w, https:\/\/colchonescolchoninos.com\/wp-content\/uploads\/2022\/07\/consejos-para-elegir-tu-sala-ideal-1-1-1024x683-1-240x160.jpg 240w\" sizes=\"(max-width: 1024px) 100vw, 1024px\" \/>\t\t\t\t\t\t\t\t<\/a>\n\t\t\t\t\t\t\t\t\t\t\t<figcaption class=\"widget-image-caption wp-caption-text\">\u00bfC\u00f3mo elegir la sala perfecta?<\/figcaption>\n\t\t\t\t\t\t\t\t\t\t<\/figure>\n\t\t\t\t\t\t\t\t\t<\/div>\n\t\t\t\t<\/div>\n\t\t\t\t\t<\/div>\n\t\t<\/div>\n\t\t\t\t<div class=\"elementor-column elementor-col-33 elementor-top-column elementor-element elementor-element-fec8b1d\" data-id=\"fec8b1d\" data-element_type=\"column\">\n\t\t\t<div class=\"elementor-widget-wrap elementor-element-populated\">\n\t\t\t\t\t\t\t\t<div class=\"elementor-element elementor-element-4dded8c elementor-widget elementor-widget-image\" data-id=\"4dded8c\" data-element_type=\"widget\" data-widget_type=\"image.default\">\n\t\t\t\t<div class=\"elementor-widget-container\">\n\t\t\t\t\t\t\t\t\t\t\t\t<figure class=\"wp-caption\">\n\t\t\t\t\t\t\t\t\t\t\t<a href=\"https:\/\/colchonescolchoninos.com\/?p=1426\">\n\t\t\t\t\t\t\t<img width=\"1024\" height=\"645\" src=\"https:\/\/colchonescolchoninos.com\/wp-content\/uploads\/2022\/07\/Como-limpiar-un-colchon-1024x645-1.jpg\" class=\"attachment-full size-full\" alt=\"\" loading=\"lazy\" srcset=\"https:\/\/colchonescolchoninos.com\/wp-content\/uploads\/2022\/07\/Como-limpiar-un-colchon-1024x645-1.jpg 1024w, https:\/\/colchonescolchoninos.com\/wp-content\/uploads\/2022\/07\/Como-limpiar-un-colchon-1024x645-1-600x378.jpg 600w, https:\/\/colchonescolchoninos.com\/wp-content\/uploads\/2022\/07\/Como-limpiar-un-colchon-1024x645-1-300x189.jpg 300w, https:\/\/colchonescolchoninos.com\/wp-content\/uploads\/2022\/07\/Como-limpiar-un-colchon-1024x645-1-768x484.jpg 768w, https:\/\/colchonescolchoninos.com\/wp-content\/uploads\/2022\/07\/Como-limpiar-un-colchon-1024x645-1-254x160.jpg 254w\" sizes=\"(max-width: 1024px) 100vw, 1024px\" \/>\t\t\t\t\t\t\t\t<\/a>\n\t\t\t\t\t\t\t\t\t\t\t<figcaption class=\"widget-image-caption wp-caption-text\">5 consejos para limpiar tu colch\u00f3n<\/figcaption>\n\t\t\t\t\t\t\t\t\t\t<\/figure>\n\t\t\t\t\t\t\t\t\t<\/div>\n\t\t\t\t<\/div>\n\t\t\t\t\t<\/div>\n\t\t<\/div>\n\t\t\t\t<div class=\"elementor-column elementor-col-33 elementor-top-column elementor-element elementor-element-bb59f8c\" data-id=\"bb59f8c\" data-element_type=\"column\">\n\t\t\t<div class=\"elementor-widget-wrap elementor-element-populated\">\n\t\t\t\t\t\t\t\t<div class=\"elementor-element elementor-element-c351638 elementor-widget elementor-widget-image\" data-id=\"c351638\" data-element_type=\"widget\" data-widget_type=\"image.default\">\n\t\t\t\t<div class=\"elementor-widget-container\">\n\t\t\t\t\t\t\t\t\t\t\t\t<figure class=\"wp-caption\">\n\t\t\t\t\t\t\t\t\t\t\t<a href=\"https:\/\/colchonescolchoninos.com\/?p=1423\">\n\t\t\t\t\t\t\t<img width=\"1050\" height=\"504\" src=\"https:\/\/colchonescolchoninos.com\/wp-content\/uploads\/2022\/07\/colchones-de-muelles.jpg\" class=\"attachment-full size-full\" alt=\"\" loading=\"lazy\" srcset=\"https:\/\/colchonescolchoninos.com\/wp-content\/uploads\/2022\/07\/colchones-de-muelles.jpg 1050w, https:\/\/colchonescolchoninos.com\/wp-content\/uploads\/2022\/07\/colchones-de-muelles-600x288.jpg 600w, https:\/\/colchonescolchoninos.com\/wp-content\/uploads\/2022\/07\/colchones-de-muelles-300x144.jpg 300w, https:\/\/colchonescolchoninos.com\/wp-content\/uploads\/2022\/07\/colchones-de-muelles-1024x492.jpg 1024w, https:\/\/colchonescolchoninos.com\/wp-content\/uploads\/2022\/07\/colchones-de-muelles-768x369.jpg 768w, https:\/\/colchonescolchoninos.com\/wp-content\/uploads\/2022\/07\/colchones-de-muelles-280x134.jpg 280w\" sizes=\"(max-width: 1050px) 100vw, 1050px\" \/>\t\t\t\t\t\t\t\t<\/a>\n\t\t\t\t\t\t\t\t\t\t\t<figcaption class=\"widget-image-caption wp-caption-text\">Conoce los materiales de un colch\u00f3n<\/figcaption>\n\t\t\t\t\t\t\t\t\t\t<\/figure>\n\t\t\t\t\t\t\t\t\t<\/div>\n\t\t\t\t<\/div>\n\t\t\t\t\t<\/div>\n\t\t<\/div>\n\t\t\t\t\t\t\t<\/div>\n\t\t<\/section>\n\t\t\t\t<section class=\"elementor-section elementor-top-section elementor-element elementor-element-181bcda elementor-section-boxed elementor-section-height-default elementor-section-height-default\" data-id=\"181bcda\" data-element_type=\"section\">\n\t\t\t\t\t\t<div class=\"elementor-container elementor-column-gap-default\">\n\t\t\t\t\t<div class=\"elementor-column elementor-col-33 elementor-top-column elementor-element elementor-element-c7bad23\" data-id=\"c7bad23\" data-element_type=\"column\">\n\t\t\t<div class=\"elementor-widget-wrap elementor-element-populated\">\n\t\t\t\t\t\t\t\t<div class=\"elementor-element elementor-element-5e3ceaf elementor-widget elementor-widget-image\" data-id=\"5e3ceaf\" data-element_type=\"widget\" data-widget_type=\"image.default\">\n\t\t\t\t<div class=\"elementor-widget-container\">\n\t\t\t\t\t\t\t\t\t\t\t\t<figure class=\"wp-caption\">\n\t\t\t\t\t\t\t\t\t\t\t<a href=\"https:\/\/colchonescolchoninos.com\/?p=1420\">\n\t\t\t\t\t\t\t<img width=\"600\" height=\"398\" src=\"https:\/\/colchonescolchoninos.com\/wp-content\/uploads\/2022\/07\/las_mejores_tiendas_de_colchones_en_madrid_432_600.jpg\" class=\"attachment-full size-full\" alt=\"\" loading=\"lazy\" srcset=\"https:\/\/colchonescolchoninos.com\/wp-content\/uploads\/2022\/07\/las_mejores_tiendas_de_colchones_en_madrid_432_600.jpg 600w, https:\/\/colchonescolchoninos.com\/wp-content\/uploads\/2022\/07\/las_mejores_tiendas_de_colchones_en_madrid_432_600-300x199.jpg 300w, https:\/\/colchonescolchoninos.com\/wp-content\/uploads\/2022\/07\/las_mejores_tiendas_de_colchones_en_madrid_432_600-241x160.jpg 241w\" sizes=\"(max-width: 600px) 100vw, 600px\" \/>\t\t\t\t\t\t\t\t<\/a>\n\t\t\t\t\t\t\t\t\t\t\t<figcaption class=\"widget-image-caption wp-caption-text\">Colchones firmes vs Colchones Suaves<\/figcaption>\n\t\t\t\t\t\t\t\t\t\t<\/figure>\n\t\t\t\t\t\t\t\t\t<\/div>\n\t\t\t\t<\/div>\n\t\t\t\t\t<\/div>\n\t\t<\/div>\n\t\t\t\t<div class=\"elementor-column elementor-col-33 elementor-top-column elementor-element elementor-element-dc73f2f\" data-id=\"dc73f2f\" data-element_type=\"column\">\n\t\t\t<div class=\"elementor-widget-wrap elementor-element-populated\">\n\t\t\t\t\t\t\t\t<div class=\"elementor-element elementor-element-53107ea elementor-widget elementor-widget-image\" data-id=\"53107ea\" data-element_type=\"widget\" data-widget_type=\"image.default\">\n\t\t\t\t<div class=\"elementor-widget-container\">\n\t\t\t\t\t\t\t\t\t\t\t\t<figure class=\"wp-caption\">\n\t\t\t\t\t\t\t\t\t\t\t<a href=\"https:\/\/colchonescolchoninos.com\/?p=1413\">\n\t\t\t\t\t\t\t<img width=\"584\" height=\"418\" src=\"https:\/\/colchonescolchoninos.com\/wp-content\/uploads\/2022\/07\/muelles-ensacados.jpg\" class=\"attachment-full size-full\" alt=\"\" loading=\"lazy\" srcset=\"https:\/\/colchonescolchoninos.com\/wp-content\/uploads\/2022\/07\/muelles-ensacados.jpg 584w, https:\/\/colchonescolchoninos.com\/wp-content\/uploads\/2022\/07\/muelles-ensacados-300x215.jpg 300w, https:\/\/colchonescolchoninos.com\/wp-content\/uploads\/2022\/07\/muelles-ensacados-224x160.jpg 224w\" sizes=\"(max-width: 584px) 100vw, 584px\" \/>\t\t\t\t\t\t\t\t<\/a>\n\t\t\t\t\t\t\t\t\t\t\t<figcaption class=\"widget-image-caption wp-caption-text\">Colchones \u00fatiles para personas que sudan mucho<\/figcaption>\n\t\t\t\t\t\t\t\t\t\t<\/figure>\n\t\t\t\t\t\t\t\t\t<\/div>\n\t\t\t\t<\/div>\n\t\t\t\t\t<\/div>\n\t\t<\/div>\n\t\t\t\t<div class=\"elementor-column elementor-col-33 elementor-top-column elementor-element elementor-element-373568d\" data-id=\"373568d\" data-element_type=\"column\">\n\t\t\t<div class=\"elementor-widget-wrap elementor-element-populated\">\n\t\t\t\t\t\t\t\t<div class=\"elementor-element elementor-element-07cb658 elementor-widget elementor-widget-image\" data-id=\"07cb658\" data-element_type=\"widget\" data-widget_type=\"image.default\">\n\t\t\t\t<div class=\"elementor-widget-container\">\n\t\t\t\t\t\t\t\t\t\t\t\t<figure class=\"wp-caption\">\n\t\t\t\t\t\t\t\t\t\t\t<a href=\"https:\/\/colchonescolchoninos.com\/?p=1410\">\n\t\t\t\t\t\t\t<img width=\"1024\" height=\"580\" src=\"https:\/\/colchonescolchoninos.com\/wp-content\/uploads\/2022\/07\/que-colchon-es-mejor-3.jpg\" class=\"attachment-full size-full\" alt=\"\" loading=\"lazy\" srcset=\"https:\/\/colchonescolchoninos.com\/wp-content\/uploads\/2022\/07\/que-colchon-es-mejor-3.jpg 1024w, https:\/\/colchonescolchoninos.com\/wp-content\/uploads\/2022\/07\/que-colchon-es-mejor-3-600x340.jpg 600w, https:\/\/colchonescolchoninos.com\/wp-content\/uploads\/2022\/07\/que-colchon-es-mejor-3-300x170.jpg 300w, https:\/\/colchonescolchoninos.com\/wp-content\/uploads\/2022\/07\/que-colchon-es-mejor-3-768x435.jpg 768w, https:\/\/colchonescolchoninos.com\/wp-content\/uploads\/2022\/07\/que-colchon-es-mejor-3-280x160.jpg 280w\" sizes=\"(max-width: 1024px) 100vw, 1024px\" \/>\t\t\t\t\t\t\t\t<\/a>\n\t\t\t\t\t\t\t\t\t\t\t<figcaption class=\"widget-image-caption wp-caption-text\">\u00bfCu\u00e1ndo debo cambiar mi colch\u00f3n?<\/figcaption>\n\t\t\t\t\t\t\t\t\t\t<\/figure>\n\t\t\t\t\t\t\t\t\t<\/div>\n\t\t\t\t<\/div>\n\t\t\t\t\t<\/div>\n\t\t<\/div>\n\t\t\t\t\t\t\t<\/div>\n\t\t<\/section>\n\t\t\t\t<section class=\"elementor-section elementor-top-section elementor-element elementor-element-fe07ae8 elementor-section-boxed elementor-section-height-default elementor-section-height-default\" data-id=\"fe07ae8\" data-element_type=\"section\">\n\t\t\t\t\t\t<div class=\"elementor-container elementor-column-gap-default\">\n\t\t\t\t\t<div class=\"elementor-column elementor-col-33 elementor-top-column elementor-element elementor-element-bc2aab4\" data-id=\"bc2aab4\" data-element_type=\"column\">\n\t\t\t<div class=\"elementor-widget-wrap elementor-element-populated\">\n\t\t\t\t\t\t\t\t<div class=\"elementor-element elementor-element-0e437fd elementor-widget elementor-widget-image\" data-id=\"0e437fd\" data-element_type=\"widget\" data-widget_type=\"image.default\">\n\t\t\t\t<div class=\"elementor-widget-container\">\n\t\t\t\t\t\t\t\t\t\t\t\t<figure class=\"wp-caption\">\n\t\t\t\t\t\t\t\t\t\t\t<a href=\"https:\/\/colchonescolchoninos.com\/?p=1407\">\n\t\t\t\t\t\t\t<img width=\"990\" height=\"660\" src=\"https:\/\/colchonescolchoninos.com\/wp-content\/uploads\/2022\/07\/una-mano-limpiando-con-papel-una-parte-del-sofa.jpg\" class=\"attachment-full size-full\" alt=\"\" loading=\"lazy\" srcset=\"https:\/\/colchonescolchoninos.com\/wp-content\/uploads\/2022\/07\/una-mano-limpiando-con-papel-una-parte-del-sofa.jpg 990w, https:\/\/colchonescolchoninos.com\/wp-content\/uploads\/2022\/07\/una-mano-limpiando-con-papel-una-parte-del-sofa-600x400.jpg 600w, https:\/\/colchonescolchoninos.com\/wp-content\/uploads\/2022\/07\/una-mano-limpiando-con-papel-una-parte-del-sofa-300x200.jpg 300w, https:\/\/colchonescolchoninos.com\/wp-content\/uploads\/2022\/07\/una-mano-limpiando-con-papel-una-parte-del-sofa-768x512.jpg 768w, https:\/\/colchonescolchoninos.com\/wp-content\/uploads\/2022\/07\/una-mano-limpiando-con-papel-una-parte-del-sofa-240x160.jpg 240w\" sizes=\"(max-width: 990px) 100vw, 990px\" \/>\t\t\t\t\t\t\t\t<\/a>\n\t\t\t\t\t\t\t\t\t\t\t<figcaption class=\"widget-image-caption wp-caption-text\">\u00c1caros en el colch\u00f3n \u00a1c\u00f3mo acabar con ellos!<\/figcaption>\n\t\t\t\t\t\t\t\t\t\t<\/figure>\n\t\t\t\t\t\t\t\t\t<\/div>\n\t\t\t\t<\/div>\n\t\t\t\t\t<\/div>\n\t\t<\/div>\n\t\t\t\t<div class=\"elementor-column elementor-col-33 elementor-top-column elementor-element elementor-element-1abf3cc\" data-id=\"1abf3cc\" data-element_type=\"column\">\n\t\t\t<div class=\"elementor-widget-wrap elementor-element-populated\">\n\t\t\t\t\t\t\t\t<div class=\"elementor-element elementor-element-4b0ea11 elementor-widget elementor-widget-image\" data-id=\"4b0ea11\" data-element_type=\"widget\" data-widget_type=\"image.default\">\n\t\t\t\t<div class=\"elementor-widget-container\">\n\t\t\t\t\t\t\t\t\t\t\t\t<figure class=\"wp-caption\">\n\t\t\t\t\t\t\t\t\t\t\t<a href=\"https:\/\/colchonescolchoninos.com\/?p=1403\">\n\t\t\t\t\t\t\t<img width=\"1000\" height=\"667\" src=\"https:\/\/colchonescolchoninos.com\/wp-content\/uploads\/2022\/07\/como-elegir-colchon.jpg\" class=\"attachment-full size-full\" alt=\"\" loading=\"lazy\" srcset=\"https:\/\/colchonescolchoninos.com\/wp-content\/uploads\/2022\/07\/como-elegir-colchon.jpg 1000w, https:\/\/colchonescolchoninos.com\/wp-content\/uploads\/2022\/07\/como-elegir-colchon-600x400.jpg 600w, https:\/\/colchonescolchoninos.com\/wp-content\/uploads\/2022\/07\/como-elegir-colchon-300x200.jpg 300w, https:\/\/colchonescolchoninos.com\/wp-content\/uploads\/2022\/07\/como-elegir-colchon-768x512.jpg 768w, https:\/\/colchonescolchoninos.com\/wp-content\/uploads\/2022\/07\/como-elegir-colchon-240x160.jpg 240w\" sizes=\"(max-width: 1000px) 100vw, 1000px\" \/>\t\t\t\t\t\t\t\t<\/a>\n\t\t\t\t\t\t\t\t\t\t\t<figcaption class=\"widget-image-caption wp-caption-text\">5 consejos para elegir la medida de tu colch\u00f3n<\/figcaption>\n\t\t\t\t\t\t\t\t\t\t<\/figure>\n\t\t\t\t\t\t\t\t\t<\/div>\n\t\t\t\t<\/div>\n\t\t\t\t\t<\/div>\n\t\t<\/div>\n\t\t\t\t<div class=\"elementor-column elementor-col-33 elementor-top-column elementor-element elementor-element-526e919\" data-id=\"526e919\" data-element_type=\"column\">\n\t\t\t<div class=\"elementor-widget-wrap elementor-element-populated\">\n\t\t\t\t\t\t\t\t<div class=\"elementor-element elementor-element-2b667a9 elementor-widget elementor-widget-image\" data-id=\"2b667a9\" data-element_type=\"widget\" data-widget_type=\"image.default\">\n\t\t\t\t<div class=\"elementor-widget-container\">\n\t\t\t\t\t\t\t\t\t\t\t\t<figure class=\"wp-caption\">\n\t\t\t\t\t\t\t\t\t\t\t<a href=\"https:\/\/colchonescolchoninos.com\/?p=1400\">\n\t\t\t\t\t\t\t<img width=\"600\" height=\"600\" src=\"https:\/\/colchonescolchoninos.com\/wp-content\/uploads\/2022\/07\/a8af1c9bb2e2ecc17738ac95fed628f5.jpg\" class=\"attachment-full size-full\" alt=\"\" loading=\"lazy\" srcset=\"https:\/\/colchonescolchoninos.com\/wp-content\/uploads\/2022\/07\/a8af1c9bb2e2ecc17738ac95fed628f5.jpg 600w, https:\/\/colchonescolchoninos.com\/wp-content\/uploads\/2022\/07\/a8af1c9bb2e2ecc17738ac95fed628f5-300x300.jpg 300w, https:\/\/colchonescolchoninos.com\/wp-content\/uploads\/2022\/07\/a8af1c9bb2e2ecc17738ac95fed628f5-100x100.jpg 100w, https:\/\/colchonescolchoninos.com\/wp-content\/uploads\/2022\/07\/a8af1c9bb2e2ecc17738ac95fed628f5-150x150.jpg 150w, https:\/\/colchonescolchoninos.com\/wp-content\/uploads\/2022\/07\/a8af1c9bb2e2ecc17738ac95fed628f5-160x160.jpg 160w\" sizes=\"(max-width: 600px) 100vw, 600px\" \/>\t\t\t\t\t\t\t\t<\/a>\n\t\t\t\t\t\t\t\t\t\t\t<figcaption class=\"widget-image-caption wp-caption-text\">\u00bfC\u00f3mo saber si necesitas un colch\u00f3n ortop\u00e9dico?<\/figcaption>\n\t\t\t\t\t\t\t\t\t\t<\/figure>\n\t\t\t\t\t\t\t\t\t<\/div>\n\t\t\t\t<\/div>\n\t\t\t\t\t<\/div>\n\t\t<\/div>\n\t\t\t\t\t\t\t<\/div>\n\t\t<\/section>\n\t\t\t\t<section class=\"elementor-section elementor-top-section elementor-element elementor-element-93f2152 elementor-section-boxed elementor-section-height-default elementor-section-height-default\" data-id=\"93f2152\" data-element_type=\"section\">\n\t\t\t\t\t\t<div class=\"elementor-container elementor-column-gap-default\">\n\t\t\t\t\t<div class=\"elementor-column elementor-col-100 elementor-top-column elementor-element elementor-element-9f09d11\" data-id=\"9f09d11\" data-element_type=\"column\">\n\t\t\t<div class=\"elementor-widget-wrap elementor-element-populated\">\n\t\t\t\t\t\t\t\t<div class=\"elementor-element elementor-element-5bb34e3 elementor-widget elementor-widget-image\" data-id=\"5bb34e3\" data-element_type=\"widget\" data-widget_type=\"image.default\">\n\t\t\t\t<div class=\"elementor-widget-container\">\n\t\t\t\t\t\t\t\t\t\t\t\t<figure class=\"wp-caption\">\n\t\t\t\t\t\t\t\t\t\t\t<a href=\"https:\/\/colchonescolchoninos.com\/?p=1417\">\n\t\t\t\t\t\t\t<img width=\"720\" height=\"720\" src=\"https:\/\/colchonescolchoninos.com\/wp-content\/uploads\/2022\/07\/Amz-Matresses01.jpg\" class=\"attachment-large size-large\" alt=\"\" loading=\"lazy\" srcset=\"https:\/\/colchonescolchoninos.com\/wp-content\/uploads\/2022\/07\/Amz-Matresses01.jpg 800w, https:\/\/colchonescolchoninos.com\/wp-content\/uploads\/2022\/07\/Amz-Matresses01-300x300.jpg 300w, https:\/\/colchonescolchoninos.com\/wp-content\/uploads\/2022\/07\/Amz-Matresses01-100x100.jpg 100w, https:\/\/colchonescolchoninos.com\/wp-content\/uploads\/2022\/07\/Amz-Matresses01-600x600.jpg 600w, https:\/\/colchonescolchoninos.com\/wp-content\/uploads\/2022\/07\/Amz-Matresses01-150x150.jpg 150w, https:\/\/colchonescolchoninos.com\/wp-content\/uploads\/2022\/07\/Amz-Matresses01-768x768.jpg 768w, https:\/\/colchonescolchoninos.com\/wp-content\/uploads\/2022\/07\/Amz-Matresses01-160x160.jpg 160w\" sizes=\"(max-width: 720px) 100vw, 720px\" \/>\t\t\t\t\t\t\t\t<\/a>\n\t\t\t\t\t\t\t\t\t\t\t<figcaption class=\"widget-image-caption wp-caption-text\">Colchones con Memory Foam... \u00bfqu\u00e9 son?<\/figcaption>\n\t\t\t\t\t\t\t\t\t\t<\/figure>\n\t\t\t\t\t\t\t\t\t<\/div>\n\t\t\t\t<\/div>\n\t\t\t\t\t<\/div>\n\t\t<\/div>\n\t\t\t\t\t\t\t<\/div>\n\t\t<\/section>\n\t\t\t\t<section class=\"elementor-section elementor-top-section elementor-element elementor-element-a3d1787 elementor-section-boxed elementor-section-height-default elementor-section-height-default\" data-id=\"a3d1787\" data-element_type=\"section\">\n\t\t\t\t\t\t<div class=\"elementor-container elementor-column-gap-default\">\n\t\t\t\t\t<div class=\"elementor-column elementor-col-100 elementor-top-column elementor-element elementor-element-dcb1d4d\" data-id=\"dcb1d4d\" data-element_type=\"column\">\n\t\t\t<div class=\"elementor-widget-wrap elementor-element-populated\">\n\t\t\t\t\t\t\t\t<div class=\"elementor-element elementor-element-a100b3c elementor-widget elementor-widget-shortcode\" data-id=\"a100b3c\" data-element_type=\"widget\" data-widget_type=\"shortcode.default\">\n\t\t\t\t<div class=\"elementor-widget-container\">\n\t\t\t\t\t<div class=\"elementor-shortcode\"><div class=\"sfsi_subscribe_Popinner\">\n\t\t\t\t\t<form method=\"post\" onsubmit=\"return sfsi_processfurther(this);\" target=\"popupwindow\" action=\"https:\/\/api.follow.it\/subscription-form\/dGRyNjVUcE55SDh2WTM4QTNGdUdPK25iM2lqYUNOTEF0cHkyY1ZoUFR2aEFBV1FubVJtY25jWWhodDJiUE1URXlMb0x1SHlSdG15ellVT0tDSU5RN09OMW8yaXpraVk4RmlnTGhrNnBDemlxc1crRmxiMFN2TFV6ODB2d0ZUR0J8YW5SakVYMkxyb0F1VUFLSGZ6OHlLRENwaU5MQnd0a3NHWlg0bFJZUGtXQT0=\/8\/\">\n\t\t\t\t\t\t<h5>Recibe promociones, descuentos y ent\u00e9rate de nuevos productos exclusivos<\/h5>\n\t\t\t\t\t\t<div class=\"sfsi_subscription_form_field\">\n\t\t\t\t\t\t<input type=\"hidden\" name=\"action\" value=\"followPub\">\n\t\t\t\t\t\t\t<input type=\"email\" name=\"email\" value=\"\" placeholder=\"Suscr\u00edbete al blog\"\/>\n\t\t\t\t\t\t<\/div>\n\t\t\t\t\t\t<div class=\"sfsi_subscription_form_field\">\n\t\t\t\t\t\t\t<input type=\"submit\" name=\"subscribe\" value=\"Suscribir\"\/>\n\t\t\t\t\t\t<\/div>\n\t\t\t\t\t<\/form>\n\t\t\t\t<\/div><\/div>\n\t\t\t\t<\/div>\n\t\t\t\t<\/div>\n\t\t\t\t\t<\/div>\n\t\t<\/div>\n\t\t\t\t\t\t\t<\/div>\n\t\t<\/section>\n\t\t\t\t\t\t\t<\/div>\n\t\t","protected":false},"excerpt":{"rendered":"<p>Conoce las t\u00e9cnicas para so\u00f1ar en grande \u00bfC\u00f3mo elegir la sala perfecta? 5 consejos para limpiar tu colch\u00f3n Conoce los materiales de un colch\u00f3n Colchones firmes vs Colchones Suaves Colchones \u00fatiles para personas que sudan mucho \u00bfCu\u00e1ndo debo cambiar mi colch\u00f3n? \u00c1caros en el colch\u00f3n \u00a1c\u00f3mo acabar con ellos! 5 consejos para elegir la medida [&hellip;]<\/p>\n","protected":false},"author":1,"featured_media":0,"parent":0,"menu_order":0,"comment_status":"closed","ping_status":"closed","template":"","meta":{"_eb_attr":"","om_disable_all_campaigns":false,"_monsterinsights_skip_tracking":false,"_monsterinsights_sitenote_active":false,"_monsterinsights_sitenote_note":"","_monsterinsights_sitenote_category":0},"_links":{"self":[{"href":"https:\/\/colchonescolchoninos.com\/index.php?rest_route=\/wp\/v2\/pages\/260"}],"collection":[{"href":"https:\/\/colchonescolchoninos.com\/index.php?rest_route=\/wp\/v2\/pages"}],"about":[{"href":"https:\/\/colchonescolchoninos.com\/index.php?rest_route=\/wp\/v2\/types\/page"}],"author":[{"embeddable":true,"href":"https:\/\/colchonescolchoninos.com\/index.php?rest_route=\/wp\/v2\/users\/1"}],"replies":[{"embeddable":true,"href":"https:\/\/colchonescolchoninos.com\/index.php?rest_route=%2Fwp%2Fv2%2Fcomments&post=260"}],"version-history":[{"count":19,"href":"https:\/\/colchonescolchoninos.com\/index.php?rest_route=\/wp\/v2\/pages\/260\/revisions"}],"predecessor-version":[{"id":2163,"href":"https:\/\/colchonescolchoninos.com\/index.php?rest_route=\/wp\/v2\/pages\/260\/revisions\/2163"}],"wp:attachment":[{"href":"https:\/\/colchonescolchoninos.com\/index.php?rest_route=%2Fwp%2Fv2%2Fmedia&parent=260"}],"curies":[{"name":"wp","href":"https:\/\/api.w.org\/{rel}","templated":true}]}}